{"id":4271,"date":"2018-02-07T13:43:23","date_gmt":"2018-02-07T11:43:23","guid":{"rendered":"https:\/\/bellaveneziahotel.com\/unser-garten\/"},"modified":"2024-11-18T13:07:12","modified_gmt":"2024-11-18T11:07:12","slug":"unser-garten","status":"publish","type":"page","link":"https:\/\/bellaveneziahotel.com\/de\/unser-garten\/","title":{"rendered":"UNSER GARTEN"},"content":{"rendered":"<div class=\"wpb-content-wrapper\"><p>[vc_row full_width=&#8220;stretch_row&#8220; content_placement=&#8220;middle&#8220; css_animation=&#8220;none&#8220; el_id=&#8220;Restaurant&#8220; el_class=&#8220;restaurant&#8220; css=&#8220;.vc_custom_1523281289932{border-top-width: 1px !important;border-top-color: #eeeeee !important;border-top-style: solid !important;}&#8220;][vc_column css_animation=&#8220;none&#8220; width=&#8220;5\/12&#8243; css=&#8220;.vc_custom_1523281984144{padding-top: 0px !important;}&#8220;][vc_custom_heading text=&#8220;Unser Garten&#8220; font_container=&#8220;tag:h1|text_align:left&#8220; google_fonts=&#8220;font_family:Roboto%20Slab%3A100%2C300%2Cregular%2C700|font_style:400%20regular%3A400%3Anormal&#8220; css_animation=&#8220;right-to-left&#8220; el_class=&#8220;h1-title&#8220; css=&#8220;.vc_custom_1709731362816{padding-bottom: 25px !important;}&#8220;][vc_separator color=&#8220;custom&#8220; align=&#8220;align_left&#8220; border_width=&#8220;3&#8243; el_width=&#8220;10&#8243; css_animation=&#8220;none&#8220; el_class=&#8220;separator-rotate&#8220; accent_color=&#8220;#ad8f4a&#8220;][vc_column_text css_animation=&#8220;right-to-left&#8220; css=&#8220;.vc_custom_1713724276988{margin-bottom: 0px !important;}&#8220;]Unser Garten ist eine <strong>Oase der Ruhe<\/strong> in der kosmopolitischen Korfu Stadt. Ein reichhaltiges Fr\u00fchst\u00fcck wird in einem freistehenden luft- und lichtdurchfluteten Anbau im Hotelgarten serviert. Im Fr\u00fchling und Sommer k\u00f6nnen Sie direkt im Garten inmitten der duftenden Blumen fr\u00fchst\u00fccken.<\/p>\n<p>Am Abend k\u00f6nnen Sie Ihr Cocktail im Garten-Lounge neben dem beruhigenden Pl\u00e4tschern des Poolbrunnens oder Live Musik und andere von unserem Team w\u00f6chentlich organsierte Events genie\u00dfen (Griechische Musik oder Jazz Abende).<\/p>\n<p>Oliven\u00f6lverkostung findet einmal die Woche im Garten statt und bietet Ihnen die M\u00f6glichkeit an, verschiedene Arten von lokal produzierten Oliven\u00f6len auszuprobieren, die f\u00fcr ihre Hochqualit\u00e4t weltweit anerkannt sind.[\/vc_column_text][\/vc_column][vc_column css_animation=&#8220;none&#8220; width=&#8220;1\/12&#8243; offset=&#8220;vc_hidden-xs&#8220;][\/vc_column][vc_column width=&#8220;1\/2&#8243;][vc_single_image image=&#8220;4166&#8243; img_size=&#8220;large&#8220; alignment=&#8220;center&#8220; css_animation=&#8220;fadeIn&#8220; el_class=&#8220;image-shadow&#8220;][\/vc_column][\/vc_row][vc_row full_width=&#8220;stretch_row&#8220; content_placement=&#8220;middle&#8220; css_animation=&#8220;none&#8220; css=&#8220;.vc_custom_1523282299335{border-top-width: 1px !important;border-top-color: #eeeeee !important;border-top-style: solid !important;}&#8220; el_class=&#8220;restaurant-row-2&#8243;][vc_column][vc_custom_heading text=&#8220;Unser Fr\u00fchst\u00fcck&#8220; font_container=&#8220;tag:h2|font_size:42|text_align:center&#8220; google_fonts=&#8220;font_family:Roboto%20Slab%3A100%2C300%2Cregular%2C700|font_style:400%20regular%3A400%3Anormal&#8220; css_animation=&#8220;flipInX&#8220; css=&#8220;.vc_custom_1709726517182{padding-top: 0px !important;}&#8220;][vc_column_text css_animation=&#8220;fadeIn&#8220;]<\/p>\n<p style=\"text-align: center; font-size: 16px;\"><img loading=\"lazy\" decoding=\"async\" class=\"title-divider aligncenter wp-image-1276\" src=\"https:\/\/23291447861.thesite.link\/wp-content\/uploads\/2018\/03\/divider2.png\" alt=\"\" width=\"250\" height=\"22\" srcset=\"https:\/\/bellaveneziahotel.com\/wp-content\/uploads\/2018\/03\/divider2.png 432w, https:\/\/bellaveneziahotel.com\/wp-content\/uploads\/2018\/03\/divider2-300x26.png 300w\" sizes=\"(max-width: 250px) 100vw, 250px\" \/><br \/>\nSeit Mai 2014 f\u00fchrt unser Hotel die Auszeichnung \u201eGriechisches Fr\u00fchst\u00fcckshotel\u201c des griechischen Hotelverbands. Mitglieder des Programms \u201eGriechisches Fr\u00fchst\u00fcckshotel\u201c zeichnen sich dadurch aus,<br \/>\ndass sie ihren G\u00e4sten hochwertige einheimische Erzeugnisse servieren.[\/vc_column_text][vc_single_image image=&#8220;2673&#8243; img_size=&#8220;&#8220; alignment=&#8220;center&#8220;][\/vc_column][\/vc_row][vc_row equal_height=&#8220;yes&#8220; content_placement=&#8220;middle&#8220;][vc_column css_animation=&#8220;none&#8220; width=&#8220;1\/4&#8243; css=&#8220;.vc_custom_1713710225201{padding-left: 0px !important;background-image: url(https:\/\/bellaveneziahotel.com\/wp-content\/uploads\/2024\/03\/Our-Buffet.jpg?id=2306) !important;background-position: center !important;background-repeat: no-repeat !important;background-size: cover !important;}&#8220; offset=&#8220;vc_hidden-sm vc_hidden-xs&#8220;][\/vc_column][vc_column css_animation=&#8220;none&#8220; width=&#8220;1\/4&#8243; css=&#8220;.vc_custom_1524486200764{padding-top: 50px !important;padding-right: 50px !important;padding-bottom: 50px !important;padding-left: 50px !important;background-color: #fff5eb !important;}&#8220; offset=&#8220;vc_hidden-sm vc_hidden-xs&#8220;][vc_custom_heading text=&#8220;Buffet&#8220; font_container=&#8220;tag:h3|text_align:center&#8220; google_fonts=&#8220;font_family:Roboto%20Slab%3A100%2C300%2Cregular%2C700|font_style:400%20regular%3A400%3Anormal&#8220; css_animation=&#8220;none&#8220;][vc_column_text css=&#8220;.vc_custom_1709727829910{margin-bottom: 0px !important;}&#8220;]<\/p>\n<p style=\"text-align: center;\">Auf unser Fr\u00fchst\u00fccksbuffet finden Sie griechischen Joghurt mit einheimischem Honig und N\u00fcssen, vier Arten von haugemachten Marmeladen, korfiotische Graviera K\u00e4se und Feta K\u00e4se, lokal produzierten Aufschnitt, frisches Obst und Frischbackwaren.<\/p>\n<p>[\/vc_column_text][\/vc_column][vc_column css_animation=&#8220;none&#8220; width=&#8220;1\/4&#8243; css=&#8220;.vc_custom_1713710255879{padding-left: 0px !important;background-image: url(https:\/\/bellaveneziahotel.com\/wp-content\/uploads\/2024\/02\/Breakfast.jpg?id=2074) !important;background-position: center !important;background-repeat: no-repeat !important;background-size: cover !important;}&#8220; offset=&#8220;vc_hidden-sm vc_hidden-xs&#8220;][\/vc_column][vc_column width=&#8220;1\/4&#8243; css=&#8220;.vc_custom_1709727437161{padding-top: 50px !important;padding-right: 50px !important;padding-bottom: 50px !important;padding-left: 50px !important;background-color: #f4f9e7 !important;}&#8220; offset=&#8220;vc_hidden-sm vc_hidden-xs&#8220;][vc_custom_heading text=&#8220;Kochecke&#8220; font_container=&#8220;tag:h3|text_align:center&#8220; google_fonts=&#8220;font_family:Roboto%20Slab%3A100%2C300%2Cregular%2C700|font_style:400%20regular%3A400%3Anormal&#8220;][vc_column_text css=&#8220;.vc_custom_1731928006723{margin-bottom: 0px !important;}&#8220;]<\/p>\n<p style=\"text-align: center;\">Eierspeisen wie Omeletts oder R\u00fchrei k\u00f6nnen Sie sich ganz nach Geschmack in der speziellen Kochecke frisch zubereiten lassen. Zum Kochen verwenden wir nur regional produziertes Oliven\u00f6l.<\/p>\n<p>[\/vc_column_text][\/vc_column][\/vc_row][vc_row equal_height=&#8220;yes&#8220; content_placement=&#8220;middle&#8220;][vc_column css_animation=&#8220;none&#8220; width=&#8220;1\/2&#8243; css=&#8220;.vc_custom_1524486288061{padding-top: 15px !important;background-position: center !important;background-repeat: no-repeat !important;background-size: cover !important;}&#8220; offset=&#8220;vc_hidden-lg vc_hidden-md&#8220;][vc_single_image image=&#8220;2306&#8243; img_size=&#8220;full&#8220; css=&#8220;.vc_custom_1710328905092{margin-bottom: 0px !important;}&#8220;][\/vc_column][vc_column css_animation=&#8220;none&#8220; width=&#8220;1\/2&#8243; css=&#8220;.vc_custom_1524486298552{margin-right: 15px !important;margin-left: 15px !important;padding-top: 50px !important;padding-right: 50px !important;padding-bottom: 50px !important;padding-left: 50px !important;background-color: #fff5eb !important;}&#8220; offset=&#8220;vc_hidden-lg vc_hidden-md&#8220;][vc_custom_heading text=&#8220;Buffet&#8220; font_container=&#8220;tag:h3|text_align:center&#8220; use_theme_fonts=&#8220;yes&#8220; css_animation=&#8220;none&#8220;][vc_column_text css=&#8220;.vc_custom_1710328978920{margin-bottom: 0px !important;}&#8220;]<\/p>\n<p style=\"text-align: center;\">Auf unser Fr\u00fchst\u00fccksbuffet finden Sie griechischen Joghurt mit einheimischem Honig und N\u00fcssen, vier Arten von haugemachten Marmeladen, korfiotische Graviera K\u00e4se und Feta K\u00e4se, lokal produzierten Aufschnitt, frisches Obst und Frischbackwaren.<\/p>\n<p>[\/vc_column_text][\/vc_column][vc_column css_animation=&#8220;none&#8220; width=&#8220;1\/2&#8243; css=&#8220;.vc_custom_1524486323566{padding-top: 15px !important;background-position: center !important;background-repeat: no-repeat !important;background-size: cover !important;}&#8220; offset=&#8220;vc_hidden-lg vc_hidden-md&#8220;][vc_single_image image=&#8220;2074&#8243; img_size=&#8220;full&#8220; css=&#8220;.vc_custom_1710329011225{margin-bottom: 0px !important;}&#8220;][\/vc_column][vc_column width=&#8220;1\/2&#8243; css=&#8220;.vc_custom_1524486330300{margin-right: 15px !important;margin-left: 15px !important;padding-top: 50px !important;padding-right: 50px !important;padding-bottom: 50px !important;padding-left: 50px !important;background-color: #f4f9e7 !important;}&#8220; offset=&#8220;vc_hidden-lg vc_hidden-md&#8220;][vc_custom_heading text=&#8220;Kochecke&#8220; font_container=&#8220;tag:h3|text_align:center&#8220; use_theme_fonts=&#8220;yes&#8220;][vc_column_text css=&#8220;.vc_custom_1731928028066{margin-bottom: 0px !important;}&#8220;]<\/p>\n<p style=\"text-align: center;\">Eierspeisen wie Omeletts oder R\u00fchrei k\u00f6nnen Sie sich ganz nach Geschmack in der speziellen Kochecke frisch zubereiten lassen. Zum Kochen verwenden wir nur regional produziertes Oliven\u00f6l.<\/p>\n<p>[\/vc_column_text][\/vc_column][\/vc_row][vc_row equal_height=&#8220;yes&#8220; content_placement=&#8220;middle&#8220; css=&#8220;.vc_custom_1715160325052{padding-bottom: 80px !important;}&#8220;][vc_column width=&#8220;1\/4&#8243; css=&#8220;.vc_custom_1709727448601{padding-top: 50px !important;padding-right: 50px !important;padding-bottom: 50px !important;padding-left: 50px !important;background-color: #f4f9e7 !important;}&#8220; offset=&#8220;vc_hidden-sm vc_hidden-xs&#8220;][vc_custom_heading text=&#8220;Besondere Essensw\u00fcnsche&#8220; font_container=&#8220;tag:h3|text_align:center&#8220; google_fonts=&#8220;font_family:Roboto%20Slab%3A100%2C300%2Cregular%2C700|font_style:400%20regular%3A400%3Anormal&#8220;][vc_column_text css=&#8220;.vc_custom_1710328819066{margin-bottom: 0px !important;}&#8220;]<\/p>\n<p style=\"text-align: center;\">Unser Buffet bietet eine Auswahl f\u00fcr besondere Essensw\u00fcnsche aus, wie vegetarische oder vegane Ern\u00e4hrung. Wir k\u00f6nnen glutenfreies Brot und Pflanzenmilch nach Anfragen anbieten (24 Stunden im Voraus).<\/p>\n<p>[\/vc_column_text][\/vc_column][vc_column width=&#8220;1\/4&#8243; css=&#8220;.vc_custom_1713710287188{padding-left: 0px !important;background-image: url(https:\/\/bellaveneziahotel.com\/wp-content\/uploads\/2024\/03\/Egg-Corner.jpg?id=2305) !important;background-position: center !important;background-repeat: no-repeat !important;background-size: cover !important;}&#8220; offset=&#8220;vc_hidden-sm vc_hidden-xs&#8220;][\/vc_column][vc_column width=&#8220;1\/4&#8243; css=&#8220;.vc_custom_1709727425575{padding-top: 50px !important;padding-right: 50px !important;padding-bottom: 50px !important;padding-left: 50px !important;background-color: #fff5eb !important;}&#8220; offset=&#8220;vc_hidden-sm vc_hidden-xs&#8220;][vc_custom_heading text=&#8220;Vegane Auswahl&#8220; font_container=&#8220;tag:h3|text_align:center&#8220; google_fonts=&#8220;font_family:Roboto%20Slab%3A100%2C300%2Cregular%2C700|font_style:400%20regular%3A400%3Anormal&#8220;][vc_column_text css=&#8220;.vc_custom_1710328849512{margin-bottom: 0px !important;}&#8220;]<\/p>\n<p style=\"font-weight: 400; text-align: center;\">Die vegane Auswahl beinhaltet frisches Brot oder Br\u00f6tchen (Vollkorn oder wei\u00df), Hafer, Maisflocken, hausgemachte Marmeladen, N\u00fcsse, frisches Obst, D\u00f6rrobst (Cranberry, Pflaume, Rosinen), Feigekuchen (regionale Spezialit\u00e4t), griechisches Gem\u00fcse, frischen Orangensaft und Smoothies.<\/p>\n<p>[\/vc_column_text][\/vc_column][vc_column width=&#8220;1\/4&#8243; css=&#8220;.vc_custom_1713710302897{padding-left: 0px !important;background-image: url(https:\/\/bellaveneziahotel.com\/wp-content\/uploads\/2024\/03\/\u0394\u03b9\u03b1\u03c4\u03c1\u03bf\u03c6\u03b9\u03ba\u03ad\u03c2-\u0399\u03b4\u03b9\u03b1\u03b9\u03c4\u03b5\u03c1\u03cc\u03c4\u03b7\u03c4\u03b5\u03c2.jpg?id=2318) !important;background-position: center !important;background-repeat: no-repeat !important;background-size: cover !important;}&#8220; offset=&#8220;vc_hidden-sm vc_hidden-xs&#8220;][\/vc_column][\/vc_row][vc_row equal_height=&#8220;yes&#8220; content_placement=&#8220;middle&#8220;][vc_column css_animation=&#8220;none&#8220; width=&#8220;1\/2&#8243; css=&#8220;.vc_custom_1524486418087{padding-top: 15px !important;background-position: center !important;background-repeat: no-repeat !important;background-size: cover !important;}&#8220; offset=&#8220;vc_hidden-lg vc_hidden-md&#8220;][vc_single_image image=&#8220;2305&#8243; img_size=&#8220;full&#8220; css=&#8220;.vc_custom_1710329083370{margin-bottom: 0px !important;}&#8220;][\/vc_column][vc_column css_animation=&#8220;none&#8220; width=&#8220;1\/2&#8243; css=&#8220;.vc_custom_1524486423382{margin-right: 15px !important;margin-left: 15px !important;padding-top: 50px !important;padding-right: 50px !important;padding-bottom: 50px !important;padding-left: 50px !important;background-color: #f5f5f5 !important;}&#8220; offset=&#8220;vc_hidden-lg vc_hidden-md&#8220;][vc_custom_heading text=&#8220;Besondere Essensw\u00fcnsche&#8220; font_container=&#8220;tag:h3|text_align:center&#8220; use_theme_fonts=&#8220;yes&#8220;][vc_column_text css=&#8220;.vc_custom_1710329114644{margin-bottom: 0px !important;}&#8220;]<\/p>\n<p style=\"text-align: center;\">Unser Buffet bietet eine Auswahl f\u00fcr besondere Essensw\u00fcnsche aus, wie vegetarische oder vegane Ern\u00e4hrung. Wir k\u00f6nnen glutenfreies Brot und Pflanzenmilch nach Anfragen anbieten (24 Stunden im Voraus).<\/p>\n<p>[\/vc_column_text][\/vc_column][vc_column css_animation=&#8220;none&#8220; width=&#8220;1\/2&#8243; css=&#8220;.vc_custom_1524486436589{padding-top: 15px !important;background-position: center !important;background-repeat: no-repeat !important;background-size: cover !important;}&#8220; offset=&#8220;vc_hidden-lg vc_hidden-md&#8220;][vc_single_image image=&#8220;2318&#8243; img_size=&#8220;full&#8220; css=&#8220;.vc_custom_1710329134060{margin-bottom: 0px !important;}&#8220;][\/vc_column][vc_column width=&#8220;1\/2&#8243; css=&#8220;.vc_custom_1524486599463{margin-right: 15px !important;margin-bottom: 25px !important;margin-left: 15px !important;padding-top: 50px !important;padding-right: 50px !important;padding-bottom: 50px !important;padding-left: 50px !important;background-color: #f5f5f5 !important;}&#8220; offset=&#8220;vc_hidden-lg vc_hidden-md&#8220;][vc_custom_heading text=&#8220;Vegane Auswahl&#8220; font_container=&#8220;tag:h3|text_align:center&#8220; use_theme_fonts=&#8220;yes&#8220;][vc_column_text css=&#8220;.vc_custom_1710329157668{margin-bottom: 0px !important;}&#8220;]<\/p>\n<p style=\"text-align: center;\">Die vegane Auswahl beinhaltet frisches Brot oder Br\u00f6tchen (Vollkorn oder wei\u00df), Hafer, Maisflocken, hausgemachte Marmeladen, N\u00fcsse, frisches Obst, D\u00f6rrobst (Cranberry, Pflaume, Rosinen), Feigekuchen (regionale Spezialit\u00e4t), griechisches Gem\u00fcse, frischen Orangensaft und Smoothies.<\/p>\n<p>[\/vc_column_text][\/vc_column][\/vc_row]<\/p>\n<\/div>","protected":false},"excerpt":{"rendered":"<p>[vc_row full_width=&#8220;stretch_row&#8220; content_placement=&#8220;middle&#8220; css_animation=&#8220;none&#8220; el_id=&#8220;Restaurant&#8220; el_class=&#8220;restaurant&#8220; css=&#8220;.vc_custom_1523281289932{border-top-width: 1px !important;border-top-color: #eeeeee !important;border-top-style: solid !important;}&#8220;][vc_column css_animation=&#8220;none&#8220; width=&#8220;5\/12&#8243; css=&#8220;.vc_custom_1523281984144{padding-top: 0px !important;}&#8220;][vc_custom_heading text=&#8220;Unser Garten&#8220; font_container=&#8220;tag:h1|text_align:left&#8220; google_fonts=&#8220;font_family:Roboto%20Slab%3A100%2C300%2Cregular%2C700|font_style:400%20regular%3A400%3Anormal&#8220; css_animation=&#8220;right-to-left&#8220; el_class=&#8220;h1-title&#8220; css=&#8220;.vc_custom_1709731362816{padding-bottom: 25px !important;}&#8220;][vc_separator color=&#8220;custom&#8220; align=&#8220;align_left&#8220; border_width=&#8220;3&#8243; el_width=&#8220;10&#8243; css_animation=&#8220;none&#8220; el_class=&#8220;separator-rotate&#8220; accent_color=&#8220;#ad8f4a&#8220;][vc_column_text css_animation=&#8220;right-to-left&#8220; css=&#8220;.vc_custom_1713724276988{margin-bottom: 0px !important;}&#8220;]Unser Garten ist eine Oase der Ruhe in der kosmopolitischen Korfu Stadt. Ein reichhaltiges Fr\u00fchst\u00fcck wird in einem&hellip;<\/p>\n","protected":false},"author":1,"featured_media":0,"parent":0,"menu_order":0,"comment_status":"closed","ping_status":"closed","template":"","meta":{"_acf_changed":false,"footnotes":""},"acf":[],"_links":{"self":[{"href":"https:\/\/bellaveneziahotel.com\/de\/wp-json\/wp\/v2\/pages\/4271"}],"collection":[{"href":"https:\/\/bellaveneziahotel.com\/de\/wp-json\/wp\/v2\/pages"}],"about":[{"href":"https:\/\/bellaveneziahotel.com\/de\/wp-json\/wp\/v2\/types\/page"}],"author":[{"embeddable":true,"href":"https:\/\/bellaveneziahotel.com\/de\/wp-json\/wp\/v2\/users\/1"}],"replies":[{"embeddable":true,"href":"https:\/\/bellaveneziahotel.com\/de\/wp-json\/wp\/v2\/comments?post=4271"}],"version-history":[{"count":6,"href":"https:\/\/bellaveneziahotel.com\/de\/wp-json\/wp\/v2\/pages\/4271\/revisions"}],"predecessor-version":[{"id":4524,"href":"https:\/\/bellaveneziahotel.com\/de\/wp-json\/wp\/v2\/pages\/4271\/revisions\/4524"}],"wp:attachment":[{"href":"https:\/\/bellaveneziahotel.com\/de\/wp-json\/wp\/v2\/media?parent=4271"}],"curies":[{"name":"wp","href":"https:\/\/api.w.org\/{rel}","templated":true}]}}