{"id":4294,"date":"2024-04-01T10:19:56","date_gmt":"2024-04-01T08:19:56","guid":{"rendered":"https:\/\/bellaveneziahotel.com\/nachhaltigkeit\/"},"modified":"2024-06-17T15:07:32","modified_gmt":"2024-06-17T13:07:32","slug":"nachhaltigkeit","status":"publish","type":"page","link":"https:\/\/bellaveneziahotel.com\/de\/nachhaltigkeit\/","title":{"rendered":"NACHHALTIGKEIT"},"content":{"rendered":"<div class=\"wpb-content-wrapper\"><p>[vc_row css=&#8220;.vc_custom_1711962426021{margin-bottom: 0px !important;}&#8220;][vc_column][vc_custom_heading text=&#8220;NACHHALTIGKEIT&#8220; font_container=&#8220;tag:h1|text_align:center&#8220; use_theme_fonts=&#8220;yes&#8220; css=&#8220;.vc_custom_1711972959197{padding-top: 8px !important;padding-bottom: 12px !important;}&#8220;][vc_column_text css=&#8220;.vc_custom_1711959829058{margin-bottom: 0px !important;}&#8220;]<img loading=\"lazy\" decoding=\"async\" class=\"title-divider aligncenter wp-image-1276\" src=\"https:\/\/23291447861.thesite.link\/wp-content\/uploads\/2018\/03\/divider2.png\" alt=\"\" width=\"250\" height=\"22\" srcset=\"https:\/\/bellaveneziahotel.com\/wp-content\/uploads\/2018\/03\/divider2.png 432w, https:\/\/bellaveneziahotel.com\/wp-content\/uploads\/2018\/03\/divider2-300x26.png 300w\" sizes=\"(max-width: 250px) 100vw, 250px\" \/>[\/vc_column_text][vc_column_text css=&#8220;.vc_custom_1712853386681{margin-bottom: 50px !important;}&#8220;]<\/p>\n<p style=\"text-align: center;\">Im Hotel Bella Venezia sind wir bestrebt, Abf\u00e4lle zu reduzieren und Umweltverantwortung zu f\u00f6rdern. Die Nachhaltigkeit steht im<br \/>\nMittelpunkt unserer Tat und Handels. Als umweltbewusste Reisende sollen Sie wissen, dass Umweltverantwortung erstreckt sich auf viele Aspekte Ihres Aufenthalts.[\/vc_column_text][\/vc_column][\/vc_row][vc_row full_width=&#8220;stretch_row&#8220; css=&#8220;.vc_custom_1711972933957{margin-right: 200px !important;margin-left: 300px !important;padding-top: 30px !important;background-color: #d4c39b !important;}&#8220;][vc_column][vc_row_inner container_type=&#8220;fluid&#8220;][vc_column_inner width=&#8220;1\/2&#8243;][vc_custom_heading text=&#8220;Abfall und Recycling&#8220; google_fonts=&#8220;font_family:Roboto%20Slab%3A100%2C300%2Cregular%2C700|font_style:400%20regular%3A400%3Anormal&#8220;][vc_column_text el_class=&#8220;bullets&#8220;]<\/p>\n<ul>\n<li>Keine Plastikbecher, Plastikbesteck, Plastikteller, keine R\u00fchrst\u00e4bchen aus Plastik oder Plastikstrohhalme werden verwendet.<\/li>\n<li>Gr\u00fcnra\u00fcme in der Unterkunft (Garten).<\/li>\n<li>Wir recyceln Papier, Plastik, Glass, Papier in den blauen M\u00fclltonnen der Gemeinde.<\/li>\n<\/ul>\n<p>[\/vc_column_text][\/vc_column_inner][vc_column_inner width=&#8220;1\/2&#8243;][vc_custom_heading text=&#8220;Wasser&#8220; google_fonts=&#8220;font_family:Roboto%20Slab%3A100%2C300%2Cregular%2C700|font_style:400%20regular%3A400%3Anormal&#8220;][vc_column_text el_class=&#8220;bullets&#8220;]<\/p>\n<ul>\n<li>Ausschlie\u00dfliche Verwendung wassersparender Toiletten.<\/li>\n<li>Ausschlie\u00dfliche Verwendung wassersparender Duschen.<\/li>\n<li>G\u00e4ste k\u00f6nnen auf die Reinigung ihres Zimmers verzichten.<\/li>\n<li>G\u00e4ste k\u00f6nnen Handt\u00fccher mehrmals verwenden.<\/li>\n<\/ul>\n<p>[\/vc_column_text][\/vc_column_inner][\/vc_row_inner][\/vc_column][\/vc_row][vc_row full_width=&#8220;stretch_row&#8220; css=&#8220;.vc_custom_1711972944959{margin-right: 200px !important;margin-bottom: 80px !important;margin-left: 300px !important;padding-bottom: 30px !important;background-color: #d4c39b !important;}&#8220;][vc_column][vc_row_inner container_type=&#8220;fluid&#8220;][vc_column_inner width=&#8220;1\/2&#8243;][vc_custom_heading text=&#8220;Energieverbrauch und Treibhausgasaussto\u00df&#8220; google_fonts=&#8220;font_family:Roboto%20Slab%3A100%2C300%2Cregular%2C700|font_style:400%20regular%3A400%3Anormal&#8220;][vc_column_text el_class=&#8220;bullets&#8220;]<\/p>\n<ul>\n<li>Die meisten Lebensmittel werden in unserer Region bezogen und produziert.<\/li>\n<li>Beleuchtung wird durch energieeffiziente LED-Lampen erzeugt.<\/li>\n<li>Alle Fenster sind doppelt verglast.<\/li>\n<li>Wir bem\u00fchen uns, unsere Lebensmittelabf\u00e4lle zu reduzieren.<\/li>\n<li>Strom, der \u00fcber eine Schl\u00fcsselkarte oder durch einen Bewegungsmelder gesteuert wird.<\/li>\n<\/ul>\n<p>[\/vc_column_text][\/vc_column_inner][vc_column_inner width=&#8220;1\/2&#8243;][vc_custom_heading text=&#8220;Zielort und Gemeinde&#8220; google_fonts=&#8220;font_family:Roboto%20Slab%3A100%2C300%2Cregular%2C700|font_style:400%20regular%3A400%3Anormal&#8220;][vc_column_text el_class=&#8220;bullets&#8220;]<\/p>\n<ul>\n<li>Wir investieren einen Teil unseres Umsatzes wieder in Projekte f\u00fcr die Bev\u00f6lkerung vor Ort.<\/li>\n<li>Wir bieten Touren und Aktivit\u00e4ten aus, die von \u00f6rtlichen Reisef\u00fchrern und Unternehmen organisiert werden.<\/li>\n<li>Wir bieten eine Plattform f\u00fcr lokale K\u00fcnstler aus, um ihre Talente zu zeigen.<\/li>\n<li>G\u00e4ste erhalten Informationen zu \u00d6kosystemen, Traditionen und Kultur unserer Insel sowie zu Verhaltensregeln f\u00fcr Besucher.<\/li>\n<li>Das Hotel ist in einem denkmalgesch\u00fctzten Geb\u00e4ude, das wir liebevoll erhalten. Wir sch\u00e4tzen seinen architektonischen Wert f\u00fcr unsere Gemeinde und machen unseren G\u00e4sten seine langj\u00e4hrige Geschichte bekannt.<\/li>\n<\/ul>\n<p>[\/vc_column_text][\/vc_column_inner][\/vc_row_inner][\/vc_column][\/vc_row]<\/p>\n<\/div>","protected":false},"excerpt":{"rendered":"<p>[vc_row css=&#8220;.vc_custom_1711962426021{margin-bottom: 0px !important;}&#8220;][vc_column][vc_custom_heading text=&#8220;NACHHALTIGKEIT&#8220; font_container=&#8220;tag:h1|text_align:center&#8220; use_theme_fonts=&#8220;yes&#8220; css=&#8220;.vc_custom_1711972959197{padding-top: 8px !important;padding-bottom: 12px !important;}&#8220;][vc_column_text css=&#8220;.vc_custom_1711959829058{margin-bottom: 0px !important;}&#8220;][\/vc_column_text][vc_column_text css=&#8220;.vc_custom_1712853386681{margin-bottom: 50px !important;}&#8220;] Im Hotel Bella Venezia sind wir bestrebt, Abf\u00e4lle zu reduzieren und Umweltverantwortung zu f\u00f6rdern. Die Nachhaltigkeit steht im Mittelpunkt unserer Tat und Handels. Als umweltbewusste Reisende sollen Sie wissen, dass Umweltverantwortung erstreckt sich auf viele Aspekte Ihres&hellip;<\/p>\n","protected":false},"author":1,"featured_media":0,"parent":0,"menu_order":0,"comment_status":"closed","ping_status":"closed","template":"","meta":{"_acf_changed":false,"footnotes":""},"acf":[],"_links":{"self":[{"href":"https:\/\/bellaveneziahotel.com\/de\/wp-json\/wp\/v2\/pages\/4294"}],"collection":[{"href":"https:\/\/bellaveneziahotel.com\/de\/wp-json\/wp\/v2\/pages"}],"about":[{"href":"https:\/\/bellaveneziahotel.com\/de\/wp-json\/wp\/v2\/types\/page"}],"author":[{"embeddable":true,"href":"https:\/\/bellaveneziahotel.com\/de\/wp-json\/wp\/v2\/users\/1"}],"replies":[{"embeddable":true,"href":"https:\/\/bellaveneziahotel.com\/de\/wp-json\/wp\/v2\/comments?post=4294"}],"version-history":[{"count":1,"href":"https:\/\/bellaveneziahotel.com\/de\/wp-json\/wp\/v2\/pages\/4294\/revisions"}],"predecessor-version":[{"id":4297,"href":"https:\/\/bellaveneziahotel.com\/de\/wp-json\/wp\/v2\/pages\/4294\/revisions\/4297"}],"wp:attachment":[{"href":"https:\/\/bellaveneziahotel.com\/de\/wp-json\/wp\/v2\/media?parent=4294"}],"curies":[{"name":"wp","href":"https:\/\/api.w.org\/{rel}","templated":true}]}}