{"id":4333,"date":"2024-03-13T14:30:12","date_gmt":"2024-03-13T12:30:12","guid":{"rendered":"https:\/\/bellaveneziahotel.com\/facilities\/"},"modified":"2024-06-27T18:34:13","modified_gmt":"2024-06-27T16:34:13","slug":"ausstattung","status":"publish","type":"page","link":"https:\/\/bellaveneziahotel.com\/de\/ausstattung\/","title":{"rendered":"AUSSTATTUNG"},"content":{"rendered":"<div class=\"wpb-content-wrapper\"><p>[vc_row full_width=&#8220;stretch_row_content_no_spaces&#8220; equal_height=&#8220;yes&#8220; content_placement=&#8220;middle&#8220; css_animation=&#8220;fadeIn&#8220; css=&#8220;.vc_custom_1711959682564{border-top-width: 1px !important;border-top-color: #eeeeee !important;border-top-style: solid !important;}&#8220;][vc_column css=&#8220;.vc_custom_1712837576781{padding-top: 80px !important;padding-bottom: 50px !important;}&#8220; offset=&#8220;vc_hidden-lg vc_hidden-md&#8220;][vc_custom_heading text=&#8220;BELLA VENEZIA<br \/>\nHISTORIC BOUTIQUE<br \/>\nHOTEL&#8220; font_container=&#8220;tag:h3|font_size:15|text_align:center|color:%23222222|line_height:1.2&#8243; google_fonts=&#8220;font_family:Roboto%20Slab%3A100%2C300%2Cregular%2C700|font_style:400%20regular%3A400%3Anormal&#8220; el_class=&#8220;sub-heading&#8220;][vc_custom_heading text=&#8220;Ausstattung&#8220; font_container=&#8220;tag:h1|font_size:50|text_align:center&#8220; use_theme_fonts=&#8220;yes&#8220; css=&#8220;.vc_custom_1712838423874{padding-top: 8px !important;padding-bottom: 12px !important;}&#8220;][vc_column_text css=&#8220;.vc_custom_1711959815087{margin-bottom: 0px !important;}&#8220;]<img loading=\"lazy\" decoding=\"async\" class=\"title-divider aligncenter wp-image-1276\" src=\"https:\/\/23291447861.thesite.link\/wp-content\/uploads\/2018\/03\/divider2.png\" alt=\"\" width=\"250\" height=\"22\" srcset=\"https:\/\/bellaveneziahotel.com\/wp-content\/uploads\/2018\/03\/divider2.png 432w, https:\/\/bellaveneziahotel.com\/wp-content\/uploads\/2018\/03\/divider2-300x26.png 300w\" sizes=\"(max-width: 250px) 100vw, 250px\" \/>[\/vc_column_text][vc_column_text css=&#8220;.vc_custom_1712837758802{margin-bottom: 60px !important;padding-right: 20px !important;padding-left: 20px !important;}&#8220;]<\/p>\n<p style=\"text-align: center;\">2023-2024 wurde das Hotel erneut mit viel Liebe zum Detail renoviert. Die Gemeinschaftsr\u00e4ume des Hotels bewahren den Charme der \u201eBelle Epoque\u201c mit einer gut best\u00fcckten Hotelbar, hohen Holzdecken, pink-wei\u00dfem Bodenbelag aus ionischem Marmorfliesen und den urspr\u00fcnglichen Bauelementen des denkmalgesch\u00fctzten Geb\u00e4udes. Das Fr\u00fchst\u00fcck wird in einem freistehenden lichtdurchfluteten Anbau oder im Hotelgarten im Sommer.<\/p>\n<p>[\/vc_column_text][\/vc_column][vc_column css_animation=&#8220;fadeInLeft&#8220; width=&#8220;1\/2&#8243; css=&#8220;.vc_custom_1712838168745{border-top-width: 1px !important;padding-top: 50px !important;padding-right: 50px !important;padding-left: 20px !important;background-color: #d4c39b !important;border-top-color: #eeeeee !important;border-top-style: solid !important;}&#8220; offset=&#8220;vc_hidden-lg vc_hidden-md&#8220;][vc_custom_heading text=&#8220;Hotelausstattung&#8220; font_container=&#8220;tag:h2|font_size:40|text_align:left&#8220; use_theme_fonts=&#8220;yes&#8220; css_animation=&#8220;fadeInUp&#8220;][vc_separator color=&#8220;custom&#8220; align=&#8220;align_left&#8220; border_width=&#8220;2&#8243; el_width=&#8220;20&#8243; css_animation=&#8220;none&#8220; el_class=&#8220;separator-rotate&#8220; accent_color=&#8220;#ffffff&#8220; css=&#8220;.vc_custom_1712838229119{margin-top: 40px !important;padding-top: 10px !important;padding-bottom: 10px !important;}&#8220;][vc_column_text css_animation=&#8220;fadeInUp&#8220;]<\/p>\n<ul>\n<li>Abendliche Zimmerreinigung (turndown service)<\/li>\n<li>Arzt (nach Anfrage)<\/li>\n<li>Aufzug<\/li>\n<li>Babybett (nach Anfrage)<\/li>\n<li>B\u00fcgeleisen und B\u00fcgelbrett (nach Anfrage)<\/li>\n<li>Fr\u00fchst\u00fcck\/Zimmerservice (7:30 -10:45 )<\/li>\n<li>Fr\u00fchst\u00fccksbox zum Mitnehmen (nach Anfrage)<\/li>\n<li>Garten<\/li>\n<li>Gep\u00e4cktr\u00e4ger<\/li>\n<li>Kissenauswahl<\/li>\n<li>Lap top gratis (nach Anfrage)<\/li>\n<li>Lobby und Fernseher<\/li>\n<li>Parkplatz (Reservierung n\u00f6tig)<\/li>\n<li>Rezeption rund um die Uhr<\/li>\n<li>Satellitenfernseher im Zimmer<\/li>\n<li>Snack Bar (11:00 -23:00)<\/li>\n<li>Strandt\u00fccher<\/li>\n<li>Transfer vom Hafen\/Flughafen (kostenlos f\u00fcr 7+ N\u00e4chte, nur f\u00fcr Buchungen direkt mit dem Hotel)<\/li>\n<li>Tuchwechsel t\u00e4glich (Opt-out m\u00f6glich)<\/li>\n<li>Weckruf<\/li>\n<li>W-Lan frei im Zimmer und allen Hotelr\u00e4umen<\/li>\n<li>Zimmerservice 08:00-23.00<\/li>\n<\/ul>\n<p>[\/vc_column_text][\/vc_column][vc_column width=&#8220;1\/2&#8243; css=&#8220;.vc_custom_1712837601204{background-color: #d4c39b !important;}&#8220; offset=&#8220;vc_hidden-lg vc_hidden-md&#8220;][vc_single_image image=&#8220;2380&#8243; img_size=&#8220;FULL&#8220; css=&#8220;.vc_custom_1712838196185{padding-bottom: 30px !important;}&#8220;][\/vc_column][\/vc_row][vc_row full_width=&#8220;stretch_row_content_no_spaces&#8220; equal_height=&#8220;yes&#8220; content_placement=&#8220;middle&#8220; css_animation=&#8220;fadeIn&#8220;][vc_column css=&#8220;.vc_custom_1712837998591{padding-top: 80px !important;padding-bottom: 50px !important;}&#8220; offset=&#8220;vc_hidden-sm vc_hidden-xs&#8220;][vc_custom_heading text=&#8220;BELLA VENEZIA HISTORIC BOUTIQUE HOTEL&#8220; font_container=&#8220;tag:h3|font_size:15|text_align:center|color:%23222222&#8243; google_fonts=&#8220;font_family:Roboto%20Slab%3A100%2C300%2Cregular%2C700|font_style:400%20regular%3A400%3Anormal&#8220; el_class=&#8220;sub-heading&#8220;][vc_custom_heading text=&#8220;Ausstattung&#8220; font_container=&#8220;tag:h1|font_size:50|text_align:center&#8220; use_theme_fonts=&#8220;yes&#8220; css=&#8220;.vc_custom_1711959621267{padding-top: 8px !important;padding-bottom: 12px !important;}&#8220;][vc_column_text css=&#8220;.vc_custom_1711959815087{margin-bottom: 0px !important;}&#8220;]<img loading=\"lazy\" decoding=\"async\" class=\"title-divider aligncenter wp-image-1276\" src=\"https:\/\/23291447861.thesite.link\/wp-content\/uploads\/2018\/03\/divider2.png\" alt=\"\" width=\"250\" height=\"22\" srcset=\"https:\/\/bellaveneziahotel.com\/wp-content\/uploads\/2018\/03\/divider2.png 432w, https:\/\/bellaveneziahotel.com\/wp-content\/uploads\/2018\/03\/divider2-300x26.png 300w\" sizes=\"(max-width: 250px) 100vw, 250px\" \/>[\/vc_column_text][vc_column_text css=&#8220;.vc_custom_1717591257196{margin-bottom: 30px !important;}&#8220;]<\/p>\n<p style=\"text-align: center;\">2023-2024 wurde das Hotel erneut mit viel Liebe zum Detail renoviert. Die Gemeinschaftsr\u00e4ume des Hotels bewahren den Charme der \u201eBelle Epoque\u201c<br \/>\nmit einer gut best\u00fcckten Hotelbar, hohen Holzdecken, pink-wei\u00dfem Bodenbelag aus ionischem Marmorfliesen und den urspr\u00fcnglichen Bauelementen des denkmalgesch\u00fctzten Geb\u00e4udes.<br \/>\nDas Fr\u00fchst\u00fcck wird in einem freistehenden lichtdurchfluteten Anbau oder im Hotelgarten im Sommer.[\/vc_column_text][\/vc_column][vc_column css_animation=&#8220;fadeInLeft&#8220; width=&#8220;1\/2&#8243; css=&#8220;.vc_custom_1717591303131{padding-top: 50px !important;padding-right: 100px !important;padding-bottom: 50px !important;padding-left: 200px !important;background-color: #d4c39b !important;}&#8220; offset=&#8220;vc_hidden-sm vc_hidden-xs&#8220;][vc_custom_heading text=&#8220;Hotelausstattung&#8220; font_container=&#8220;tag:h2|font_size:40|text_align:left&#8220; use_theme_fonts=&#8220;yes&#8220; css_animation=&#8220;fadeInUp&#8220;][vc_separator color=&#8220;custom&#8220; align=&#8220;align_left&#8220; el_width=&#8220;10&#8243; css_animation=&#8220;none&#8220; el_class=&#8220;separator-rotate&#8220; accent_color=&#8220;#ffffff&#8220; css=&#8220;.vc_custom_1710340073739{margin-top: 40px !important;}&#8220;][vc_column_text css_animation=&#8220;fadeInUp&#8220;]<\/p>\n<ul style=\"font-size: 16px;\">\n<li>Abendliche Zimmerreinigung (turndown service)<\/li>\n<li>Arzt (nach Anfrage)<\/li>\n<li>Aufzug<\/li>\n<li>Babybett (nach Anfrage)<\/li>\n<li>B\u00fcgeleisen und B\u00fcgelbrett (nach Anfrage)<\/li>\n<li>Fr\u00fchst\u00fcck\/Zimmerservice (7:30 -10:45 )<\/li>\n<li>Fr\u00fchst\u00fccksbox zum Mitnehmen (nach Anfrage)<\/li>\n<li>Garten<\/li>\n<li>Gep\u00e4cktr\u00e4ger<\/li>\n<li>Kissenauswahl<\/li>\n<li>Lap top gratis (nach Anfrage)<\/li>\n<li>Lobby und Fernseher<\/li>\n<li>Parkplatz (Reservierung n\u00f6tig)<\/li>\n<li>Rezeption rund um die Uhr<\/li>\n<li>Satellitenfernseher im Zimmer<\/li>\n<li>Snack Bar (11:00 -23:00)<\/li>\n<li>Strandt\u00fccher<\/li>\n<li>Transfer vom Hafen\/Flughafen (kostenlos f\u00fcr 7+ N\u00e4chte, nur f\u00fcr Buchungen direkt mit dem Hotel)<\/li>\n<li>Tuchwechsel t\u00e4glich (Opt-out m\u00f6glich)<\/li>\n<li>Weckruf<\/li>\n<li>W-Lan frei im Zimmer und allen Hotelr\u00e4umen<\/li>\n<li>Zimmerservice 08:00-23.00<\/li>\n<\/ul>\n<p>[\/vc_column_text][\/vc_column][vc_column css_animation=&#8220;fadeInLeft&#8220; width=&#8220;1\/2&#8243; css=&#8220;.vc_custom_1717591342924{background-color: #d4c39b !important;}&#8220; offset=&#8220;vc_hidden-sm vc_hidden-xs&#8220;][vc_single_image image=&#8220;2380&#8243; img_size=&#8220;FULL&#8220;][\/vc_column][\/vc_row][vc_row full_width=&#8220;stretch_row_content_no_spaces&#8220; equal_height=&#8220;yes&#8220; content_placement=&#8220;middle&#8220; css_animation=&#8220;fadeIn&#8220; css=&#8220;.vc_custom_1710341227264{margin-top: 70px !important;}&#8220;][vc_column width=&#8220;1\/2&#8243; offset=&#8220;vc_hidden-lg vc_hidden-md&#8220;][vc_single_image image=&#8220;2562&#8243; img_size=&#8220;FULL&#8220;][\/vc_column][vc_column css_animation=&#8220;fadeInLeft&#8220; width=&#8220;1\/2&#8243; css=&#8220;.vc_custom_1712838339336{padding-top: 50px !important;padding-right: 50px !important;padding-left: 20px !important;}&#8220; offset=&#8220;vc_hidden-lg vc_hidden-md&#8220;][vc_custom_heading text=&#8220;Andere Leistungen<br \/>\nin Zusammenarbeit<br \/>\nmit einheimischen Anbietern&#8220; font_container=&#8220;tag:h2|font_size:40|text_align:left&#8220; use_theme_fonts=&#8220;yes&#8220; css_animation=&#8220;fadeInUp&#8220;][vc_separator color=&#8220;custom&#8220; align=&#8220;align_left&#8220; border_width=&#8220;2&#8243; el_width=&#8220;20&#8243; css_animation=&#8220;none&#8220; el_class=&#8220;separator-rotate&#8220; accent_color=&#8220;#ad8f4a&#8220; css=&#8220;.vc_custom_1712838287678{margin-top: 40px !important;padding-top: 10px !important;padding-bottom: 10px !important;}&#8220;][vc_column_text css_animation=&#8220;fadeInUp&#8220;]<\/p>\n<ul style=\"font-size: 16px;\">\n<li style=\"text-align: left;\">Autovermietung<\/li>\n<li style=\"text-align: left;\">Motorollervermietung<\/li>\n<li style=\"text-align: left;\">Tischreservierung in Restaurants<\/li>\n<li style=\"text-align: left;\">Vorbestellte Taxitouren<\/li>\n<li style=\"text-align: left;\">W\u00e4schedienst<\/li>\n<li style=\"text-align: left;\">Ausfl\u00fcge<\/li>\n<\/ul>\n<p>[\/vc_column_text][\/vc_column][\/vc_row][vc_row full_width=&#8220;stretch_row_content_no_spaces&#8220; equal_height=&#8220;yes&#8220; content_placement=&#8220;middle&#8220; css_animation=&#8220;fadeIn&#8220; css=&#8220;.vc_custom_1710341227264{margin-top: 70px !important;}&#8220;][vc_column width=&#8220;1\/2&#8243; offset=&#8220;vc_hidden-sm vc_hidden-xs&#8220;][vc_single_image image=&#8220;2562&#8243; img_size=&#8220;FULL&#8220;][\/vc_column][vc_column css_animation=&#8220;fadeInLeft&#8220; width=&#8220;1\/2&#8243; css=&#8220;.vc_custom_1712838064807{padding-right: 100px !important;padding-bottom: 50px !important;padding-left: 200px !important;}&#8220; offset=&#8220;vc_hidden-sm vc_hidden-xs&#8220;][vc_custom_heading text=&#8220;Andere Leistungen in Zusammenarbeit<br \/>\nmit einheimischen Anbietern&#8220; font_container=&#8220;tag:h2|font_size:40|text_align:left&#8220; use_theme_fonts=&#8220;yes&#8220; css_animation=&#8220;fadeInUp&#8220;][vc_separator color=&#8220;custom&#8220; align=&#8220;align_left&#8220; el_width=&#8220;10&#8243; css_animation=&#8220;none&#8220; el_class=&#8220;separator-rotate&#8220; accent_color=&#8220;#ad8f4a&#8220; css=&#8220;.vc_custom_1710340641151{margin-top: 40px !important;}&#8220;][vc_column_text css_animation=&#8220;fadeInUp&#8220;]<\/p>\n<ul style=\"font-size: 16px;\">\n<li style=\"text-align: left;\">Autovermietung<\/li>\n<li style=\"text-align: left;\">Motorollervermietung<\/li>\n<li style=\"text-align: left;\">Tischreservierung in Restaurants<\/li>\n<li style=\"text-align: left;\">Vorbestellte Taxitouren<\/li>\n<li style=\"text-align: left;\">W\u00e4schedienst<\/li>\n<li style=\"text-align: left;\">Ausfl\u00fcge<\/li>\n<\/ul>\n<p>[\/vc_column_text][\/vc_column][\/vc_row][vc_row full_width=&#8220;stretch_row_content&#8220; css=&#8220;.vc_custom_1712836938452{margin-top: 50px !important;padding-top: 50px !important;padding-bottom: 70px !important;background-color: #f3eee2 !important;}&#8220;][vc_column][vc_custom_heading text=&#8220;NACHHALTIGKEIT&#8220; font_container=&#8220;tag:h2|text_align:center&#8220; use_theme_fonts=&#8220;yes&#8220; css=&#8220;.vc_custom_1712838415906{padding-top: 8px !important;padding-bottom: 12px !important;}&#8220;][vc_column_text css=&#8220;.vc_custom_1711959815087{margin-bottom: 0px !important;}&#8220;]<img loading=\"lazy\" decoding=\"async\" class=\"title-divider aligncenter wp-image-1276\" src=\"https:\/\/23291447861.thesite.link\/wp-content\/uploads\/2018\/03\/divider2.png\" alt=\"\" width=\"250\" height=\"22\" srcset=\"https:\/\/bellaveneziahotel.com\/wp-content\/uploads\/2018\/03\/divider2.png 432w, https:\/\/bellaveneziahotel.com\/wp-content\/uploads\/2018\/03\/divider2-300x26.png 300w\" sizes=\"(max-width: 250px) 100vw, 250px\" \/>[\/vc_column_text][vc_column_text css=&#8220;.vc_custom_1712853601925{margin-bottom: 120px !important;}&#8220;]<\/p>\n<p style=\"text-align: center;\">Im Hotel Bella Venezia sind wir bestrebt, Abf\u00e4lle zu reduzieren und Umweltverantwortung zu f\u00f6rdern. Die Nachhaltigkeit steht im Mittelpunkt<br \/>\nunserer Tat und Handels. Als umweltbewusste Reisende sollen Sie wissen, dass Umweltverantwortung erstreckt sich auf viele Aspekte Ihres Aufenthalts.[\/vc_column_text][lab_button title=&#8220;MEHR LERNEN&#8220; type=&#8220;standard&#8220; link=&#8220;url:https%3A%2F%2Fbellaveneziahotel.com%2Fsustainability%2F|title:NACHHALTIGKEIT|&#8220; el_class=&#8220;sus-button&#8220; css=&#8220;.vc_custom_1713708291599{margin-top: -90px !important;}&#8220;][\/vc_column][\/vc_row]<\/p>\n<\/div>","protected":false},"excerpt":{"rendered":"<p>[vc_row full_width=&#8220;stretch_row_content_no_spaces&#8220; equal_height=&#8220;yes&#8220; content_placement=&#8220;middle&#8220; css_animation=&#8220;fadeIn&#8220; css=&#8220;.vc_custom_1711959682564{border-top-width: 1px !important;border-top-color: #eeeeee !important;border-top-style: solid !important;}&#8220;][vc_column css=&#8220;.vc_custom_1712837576781{padding-top: 80px !important;padding-bottom: 50px !important;}&#8220; offset=&#8220;vc_hidden-lg vc_hidden-md&#8220;][vc_custom_heading text=&#8220;BELLA VENEZIA HISTORIC BOUTIQUE HOTEL&#8220; font_container=&#8220;tag:h3|font_size:15|text_align:center|color:%23222222|line_height:1.2&#8243; google_fonts=&#8220;font_family:Roboto%20Slab%3A100%2C300%2Cregular%2C700|font_style:400%20regular%3A400%3Anormal&#8220; el_class=&#8220;sub-heading&#8220;][vc_custom_heading text=&#8220;Ausstattung&#8220; font_container=&#8220;tag:h1|font_size:50|text_align:center&#8220; use_theme_fonts=&#8220;yes&#8220; css=&#8220;.vc_custom_1712838423874{padding-top: 8px !important;padding-bottom: 12px !important;}&#8220;][vc_column_text css=&#8220;.vc_custom_1711959815087{margin-bottom: 0px !important;}&#8220;][\/vc_column_text][vc_column_text css=&#8220;.vc_custom_1712837758802{margin-bottom: 60px !important;padding-right: 20px !important;padding-left: 20px !important;}&#8220;] 2023-2024 wurde das Hotel erneut mit viel Liebe zum Detail&hellip;<\/p>\n","protected":false},"author":1,"featured_media":0,"parent":0,"menu_order":0,"comment_status":"closed","ping_status":"closed","template":"","meta":{"_acf_changed":false,"footnotes":""},"acf":[],"_links":{"self":[{"href":"https:\/\/bellaveneziahotel.com\/de\/wp-json\/wp\/v2\/pages\/4333"}],"collection":[{"href":"https:\/\/bellaveneziahotel.com\/de\/wp-json\/wp\/v2\/pages"}],"about":[{"href":"https:\/\/bellaveneziahotel.com\/de\/wp-json\/wp\/v2\/types\/page"}],"author":[{"embeddable":true,"href":"https:\/\/bellaveneziahotel.com\/de\/wp-json\/wp\/v2\/users\/1"}],"replies":[{"embeddable":true,"href":"https:\/\/bellaveneziahotel.com\/de\/wp-json\/wp\/v2\/comments?post=4333"}],"version-history":[{"count":17,"href":"https:\/\/bellaveneziahotel.com\/de\/wp-json\/wp\/v2\/pages\/4333\/revisions"}],"predecessor-version":[{"id":4454,"href":"https:\/\/bellaveneziahotel.com\/de\/wp-json\/wp\/v2\/pages\/4333\/revisions\/4454"}],"wp:attachment":[{"href":"https:\/\/bellaveneziahotel.com\/de\/wp-json\/wp\/v2\/media?parent=4333"}],"curies":[{"name":"wp","href":"https:\/\/api.w.org\/{rel}","templated":true}]}}