{"id":4355,"date":"2018-02-07T13:44:02","date_gmt":"2018-02-07T11:44:02","guid":{"rendered":"https:\/\/bellaveneziahotel.com\/accommodation\/"},"modified":"2024-06-26T17:55:28","modified_gmt":"2024-06-26T15:55:28","slug":"zimmer","status":"publish","type":"page","link":"https:\/\/bellaveneziahotel.com\/de\/zimmer\/","title":{"rendered":"ZIMMER"},"content":{"rendered":"\n<img loading=\"lazy\" decoding=\"async\" class=\"title-divider aligncenter wp-image-1276\" src=\"https:\/\/bellaveneziahotel.com\/wp-content\/uploads\/2018\/03\/divider2.png\" alt=\"\" width=\"250\" height=\"22\" srcset=\"https:\/\/bellaveneziahotel.com\/wp-content\/uploads\/2018\/03\/divider2.png 432w, https:\/\/bellaveneziahotel.com\/wp-content\/uploads\/2018\/03\/divider2-300x26.png 300w\" sizes=\"(max-width: 250px) 100vw, 250px\" \/>\nBei der Renovierung unseres Hotels waren wir bestrebt, die traditionelle Atmosph\u00e4re dieses historischen Geb\u00e4udes zu erhalten, ohne dabei an Komfort f\u00fcr unsere G\u00e4ste zu sparen.\nUnsere Zimmerreinigung wird nach h\u00f6chsten Hotelstandards und mit viel Liebe zum Detail vorgenommen. Unsere Zimmer blicken auf den Hotelgarten oder Korfu Stadt. Gut schlafen ist f\u00fcr das Hotel \u201eBella Venezia\u201c eine der bedeutendsten Hoteldienstleistungen. Aus diesem Grund ist das Hotel mit Matratzen und Kopfkissen von Hochqualit\u00e4t\nausgestattet.Kopfkissen k\u00f6nnen Sie je nach K\u00f6rpertyp aus dem\n<a href=\"https:\/\/bellaveneziahotel.com\/wp-content\/uploads\/2024\/03\/pillowmenu-bellavenezia-pdf.pdf\" target=\"_blank\" rel=\"noopener\">Kissenmen\u00fc <\/a> in Ihrem Zimmer ausw\u00e4hlen.\n","protected":false},"excerpt":{"rendered":"<p>Bei der Renovierung unseres Hotels waren wir bestrebt, die traditionelle Atmosph\u00e4re dieses historischen Geb\u00e4udes zu erhalten, ohne dabei an Komfort f\u00fcr unsere G\u00e4ste zu sparen. Unsere Zimmerreinigung wird nach h\u00f6chsten Hotelstandards und mit viel Liebe zum Detail vorgenommen. Unsere Zimmer blicken auf den Hotelgarten oder Korfu Stadt. Gut schlafen ist f\u00fcr das Hotel \u201eBella Venezia\u201c&hellip;<\/p>\n","protected":false},"author":1,"featured_media":0,"parent":0,"menu_order":0,"comment_status":"closed","ping_status":"closed","template":"portfolio.php","meta":{"_acf_changed":false,"footnotes":""},"acf":[],"_links":{"self":[{"href":"https:\/\/bellaveneziahotel.com\/de\/wp-json\/wp\/v2\/pages\/4355"}],"collection":[{"href":"https:\/\/bellaveneziahotel.com\/de\/wp-json\/wp\/v2\/pages"}],"about":[{"href":"https:\/\/bellaveneziahotel.com\/de\/wp-json\/wp\/v2\/types\/page"}],"author":[{"embeddable":true,"href":"https:\/\/bellaveneziahotel.com\/de\/wp-json\/wp\/v2\/users\/1"}],"replies":[{"embeddable":true,"href":"https:\/\/bellaveneziahotel.com\/de\/wp-json\/wp\/v2\/comments?post=4355"}],"version-history":[{"count":10,"href":"https:\/\/bellaveneziahotel.com\/de\/wp-json\/wp\/v2\/pages\/4355\/revisions"}],"predecessor-version":[{"id":4365,"href":"https:\/\/bellaveneziahotel.com\/de\/wp-json\/wp\/v2\/pages\/4355\/revisions\/4365"}],"wp:attachment":[{"href":"https:\/\/bellaveneziahotel.com\/de\/wp-json\/wp\/v2\/media?parent=4355"}],"curies":[{"name":"wp","href":"https:\/\/api.w.org\/{rel}","templated":true}]}}