{"id":3557,"date":"2018-02-07T13:44:02","date_gmt":"2018-02-07T11:44:02","guid":{"rendered":"https:\/\/bellaveneziahotel.com\/logement\/"},"modified":"2024-06-14T16:29:46","modified_gmt":"2024-06-14T14:29:46","slug":"chambres","status":"publish","type":"page","link":"https:\/\/bellaveneziahotel.com\/fr\/chambres\/","title":{"rendered":"CHAMBRES"},"content":{"rendered":"\n<img loading=\"lazy\" decoding=\"async\" class=\"title-divider aligncenter wp-image-1276\" src=\"https:\/\/bellaveneziahotel.com\/wp-content\/uploads\/2018\/03\/divider2.png\" alt=\"\" width=\"250\" height=\"22\" srcset=\"https:\/\/bellaveneziahotel.com\/wp-content\/uploads\/2018\/03\/divider2.png 432w, https:\/\/bellaveneziahotel.com\/wp-content\/uploads\/2018\/03\/divider2-300x26.png 300w\" sizes=\"(max-width: 250px) 100vw, 250px\" \/>\nNotre objectif est de vous offrir le plus haut niveau de confort et de luxe que vous attendez d\u2019un h\u00f4tel contemporain tout en conservant le raffinement et l\u2019ambiance traditionnelle de notre b\u00e2timent historique.\nLe personnel d\u2019\u00e9tage est d\u2019un professionnalisme hors norme et accorde une grande importance aux d\u00e9tails. Nos chambres donnent sur le jardin ou sur la ville.\nPour Bella Venezia, la qualit\u00e9 du sommeil repr\u00e9sente une opportunit\u00e9.\nPour cette raison, nos chambres sont \u00e9quip\u00e9es de matelas de grande qualit\u00e9 ainsi que d\u2019oreillers anatomiques. Choisissez parmi le <a href=\"https:\/\/bellaveneziahotel.com\/wp-content\/uploads\/2024\/03\/pillowmenu-bellavenezia-pdf.pdf\" target=\"_blank\" rel=\"noopener\">Menu d\u2019oreillers<\/a>, disponibles dans toutes les chambres, celui qui convient le mieux \u00e0 vos besoins.\n","protected":false},"excerpt":{"rendered":"<p>Notre objectif est de vous offrir le plus haut niveau de confort et de luxe que vous attendez d\u2019un h\u00f4tel contemporain tout en conservant le raffinement et l\u2019ambiance traditionnelle de notre b\u00e2timent historique. Le personnel d\u2019\u00e9tage est d\u2019un professionnalisme hors norme et accorde une grande importance aux d\u00e9tails. Nos chambres donnent sur le jardin ou&hellip;<\/p>\n","protected":false},"author":1,"featured_media":0,"parent":0,"menu_order":0,"comment_status":"closed","ping_status":"closed","template":"portfolio.php","meta":{"_acf_changed":false,"footnotes":""},"acf":[],"_links":{"self":[{"href":"https:\/\/bellaveneziahotel.com\/fr\/wp-json\/wp\/v2\/pages\/3557"}],"collection":[{"href":"https:\/\/bellaveneziahotel.com\/fr\/wp-json\/wp\/v2\/pages"}],"about":[{"href":"https:\/\/bellaveneziahotel.com\/fr\/wp-json\/wp\/v2\/types\/page"}],"author":[{"embeddable":true,"href":"https:\/\/bellaveneziahotel.com\/fr\/wp-json\/wp\/v2\/users\/1"}],"replies":[{"embeddable":true,"href":"https:\/\/bellaveneziahotel.com\/fr\/wp-json\/wp\/v2\/comments?post=3557"}],"version-history":[{"count":4,"href":"https:\/\/bellaveneziahotel.com\/fr\/wp-json\/wp\/v2\/pages\/3557\/revisions"}],"predecessor-version":[{"id":4190,"href":"https:\/\/bellaveneziahotel.com\/fr\/wp-json\/wp\/v2\/pages\/3557\/revisions\/4190"}],"wp:attachment":[{"href":"https:\/\/bellaveneziahotel.com\/fr\/wp-json\/wp\/v2\/media?parent=3557"}],"curies":[{"name":"wp","href":"https:\/\/api.w.org\/{rel}","templated":true}]}}