{"id":3559,"date":"2024-03-13T14:30:12","date_gmt":"2024-03-13T12:30:12","guid":{"rendered":"https:\/\/bellaveneziahotel.com\/chambres\/"},"modified":"2024-06-14T16:29:39","modified_gmt":"2024-06-14T14:29:39","slug":"logement","status":"publish","type":"page","link":"https:\/\/bellaveneziahotel.com\/fr\/logement\/","title":{"rendered":"LOGEMENT"},"content":{"rendered":"<div class=\"wpb-content-wrapper\"><p>[vc_row full_width=\u00a0\u00bbstretch_row_content_no_spaces\u00a0\u00bb equal_height=\u00a0\u00bbyes\u00a0\u00bb content_placement=\u00a0\u00bbmiddle\u00a0\u00bb css_animation=\u00a0\u00bbfadeIn\u00a0\u00bb css=\u00a0\u00bb.vc_custom_1711959682564{border-top-width: 1px !important;border-top-color: #eeeeee !important;border-top-style: solid !important;}\u00a0\u00bb][vc_column css=\u00a0\u00bb.vc_custom_1712837576781{padding-top: 80px !important;padding-bottom: 50px !important;}\u00a0\u00bb offset=\u00a0\u00bbvc_hidden-lg vc_hidden-md\u00a0\u00bb][vc_custom_heading text=\u00a0\u00bbBELLA VENEZIA<br \/>\nHISTORIC BOUTIQUE<br \/>\nHOTEL\u00a0\u00bb font_container=\u00a0\u00bbtag:h3|font_size:15|text_align:center|color:%23222222|line_height:1.2&Prime; google_fonts=\u00a0\u00bbfont_family:Roboto%20Slab%3A100%2C300%2Cregular%2C700|font_style:400%20regular%3A400%3Anormal\u00a0\u00bb el_class=\u00a0\u00bbsub-heading\u00a0\u00bb][vc_custom_heading text=\u00a0\u00bbLOGEMENT\u00a0\u00bb font_container=\u00a0\u00bbtag:h1|font_size:50|text_align:center\u00a0\u00bb use_theme_fonts=\u00a0\u00bbyes\u00a0\u00bb css=\u00a0\u00bb.vc_custom_1712838423874{padding-top: 8px !important;padding-bottom: 12px !important;}\u00a0\u00bb][vc_column_text css=\u00a0\u00bb.vc_custom_1711959815087{margin-bottom: 0px !important;}\u00a0\u00bb]<img loading=\"lazy\" decoding=\"async\" class=\"title-divider aligncenter wp-image-1276\" src=\"https:\/\/23291447861.thesite.link\/wp-content\/uploads\/2018\/03\/divider2.png\" alt=\"\" width=\"250\" height=\"22\" srcset=\"https:\/\/bellaveneziahotel.com\/wp-content\/uploads\/2018\/03\/divider2.png 432w, https:\/\/bellaveneziahotel.com\/wp-content\/uploads\/2018\/03\/divider2-300x26.png 300w\" sizes=\"(max-width: 250px) 100vw, 250px\" \/>[\/vc_column_text][vc_column_text css=\u00a0\u00bb.vc_custom_1712837758802{margin-bottom: 60px !important;padding-right: 20px !important;padding-left: 20px !important;}\u00a0\u00bb]<\/p>\n<p style=\"text-align: center;\">Bella Venezia a \u00e9t\u00e9 r\u00e9nov\u00e9 pour la deuxi\u00e8me fois durant l\u2019hiver 2023\/2024, afin de vous offrir une exp\u00e9rience de s\u00e9jour luxueuse et confortable digne d\u2019un h\u00f4tel contemporain tout en conservant la finesse et le caract\u00e8re exceptionnel de notre b\u00e2timent historique. Le hall d\u2019accueil de l\u2019h\u00f4tel conserve une atmosph\u00e8re artistique de la Belle Epoque et poss\u00e8de un snack-bar enti\u00e8rement \u00e9quip\u00e9, des hauts plafonds en bois sculpt\u00e9, un carrelage sol rose et blanc en marbre issu de Giannena, et tous les \u00e9l\u00e9ments architecturaux authentiques du manoir. Notre petit-d\u00e9jeuner est servi dans notre jolie salle \u00e0 manger ensoleill\u00e9e ou en plein air dans notre jardin, pendant l\u2019\u00e9t\u00e9.<\/p>\n<p>[\/vc_column_text][\/vc_column][vc_column css_animation=\u00a0\u00bbfadeInLeft\u00a0\u00bb width=\u00a0\u00bb1\/2&Prime; css=\u00a0\u00bb.vc_custom_1712838168745{border-top-width: 1px !important;padding-top: 50px !important;padding-right: 50px !important;padding-left: 20px !important;background-color: #d4c39b !important;border-top-color: #eeeeee !important;border-top-style: solid !important;}\u00a0\u00bb offset=\u00a0\u00bbvc_hidden-lg vc_hidden-md\u00a0\u00bb][vc_custom_heading text=\u00a0\u00bbNos prestations\u00a0\u00bb font_container=\u00a0\u00bbtag:h2|font_size:40|text_align:left\u00a0\u00bb use_theme_fonts=\u00a0\u00bbyes\u00a0\u00bb css_animation=\u00a0\u00bbfadeInUp\u00a0\u00bb][vc_separator color=\u00a0\u00bbcustom\u00a0\u00bb align=\u00a0\u00bbalign_left\u00a0\u00bb border_width=\u00a0\u00bb2&Prime; el_width=\u00a0\u00bb20&Prime; css_animation=\u00a0\u00bbnone\u00a0\u00bb el_class=\u00a0\u00bbseparator-rotate\u00a0\u00bb accent_color=\u00a0\u00bb#ffffff\u00a0\u00bb css=\u00a0\u00bb.vc_custom_1712838229119{margin-top: 40px !important;padding-top: 10px !important;padding-bottom: 10px !important;}\u00a0\u00bb][vc_column_text css_animation=\u00a0\u00bbfadeInUp\u00a0\u00bb]<\/p>\n<ul>\n<li>Accueil 24h\/24<\/li>\n<li>Ascenseur<\/li>\n<li>Carte d\u2019oreillers<\/li>\n<li>Changement de serviette quotidienne (option de retrait)<\/li>\n<li>Fer et table \u00e0 repasser (sur demande)<\/li>\n<li>Jardin<\/li>\n<li>lit b\u00e9b\u00e9 (sur demande)<\/li>\n<li>M\u00e9decin (sur demande)<\/li>\n<li>Ordinateur portable gratuis (sur demande)<\/li>\n<li>Panier petit dejeuner (sur demande)<\/li>\n<li>Petit d\u00e9jeuner 07.15-10.30<\/li>\n<li>Place de parking (avec rr\u00e9servation)<\/li>\n<li>Salon avec t\u00e9l\u00e9<\/li>\n<li>Service de bagages<\/li>\n<li>Service de chambre (08:00-23:00)<\/li>\n<li>Service de la couverture (pr\u00e9paration de la chambre du client pour la nuit)<\/li>\n<li>Service de r\u00e9veil<\/li>\n<li>Service de transport depuis l\u2019a\u00e9roport\/port (gratuit pour un s\u00e9jour de sept jours ou plus, valable uniquement pour des r\u00e9servations en direct avec l\u2019h\u00f4tel)<\/li>\n<li>Serviettes de plage<\/li>\n<li>Snack-bar (11:00-23.00)<\/li>\n<li>T\u00e9l\u00e9vision par satellite dans les chambres<\/li>\n<li>Wi-Fi gratuit dans tous les espaces publics et les chambres<\/li>\n<\/ul>\n<p>[\/vc_column_text][\/vc_column][vc_column width=\u00a0\u00bb1\/2&Prime; css=\u00a0\u00bb.vc_custom_1712837601204{background-color: #d4c39b !important;}\u00a0\u00bb offset=\u00a0\u00bbvc_hidden-lg vc_hidden-md\u00a0\u00bb][vc_single_image image=\u00a0\u00bb2380&Prime; img_size=\u00a0\u00bbFULL\u00a0\u00bb css=\u00a0\u00bb.vc_custom_1712838196185{padding-bottom: 30px !important;}\u00a0\u00bb][\/vc_column][\/vc_row][vc_row full_width=\u00a0\u00bbstretch_row_content_no_spaces\u00a0\u00bb equal_height=\u00a0\u00bbyes\u00a0\u00bb content_placement=\u00a0\u00bbmiddle\u00a0\u00bb css_animation=\u00a0\u00bbfadeIn\u00a0\u00bb][vc_column css=\u00a0\u00bb.vc_custom_1712837998591{padding-top: 80px !important;padding-bottom: 50px !important;}\u00a0\u00bb offset=\u00a0\u00bbvc_hidden-sm vc_hidden-xs\u00a0\u00bb][vc_custom_heading text=\u00a0\u00bbBELLA VENEZIA HISTORIC BOUTIQUE HOTEL\u00a0\u00bb font_container=\u00a0\u00bbtag:h3|font_size:15|text_align:center|color:%23222222&Prime; google_fonts=\u00a0\u00bbfont_family:Roboto%20Slab%3A100%2C300%2Cregular%2C700|font_style:400%20regular%3A400%3Anormal\u00a0\u00bb el_class=\u00a0\u00bbsub-heading\u00a0\u00bb][vc_custom_heading text=\u00a0\u00bbLOGEMENT\u00a0\u00bb font_container=\u00a0\u00bbtag:h1|font_size:50|text_align:center\u00a0\u00bb use_theme_fonts=\u00a0\u00bbyes\u00a0\u00bb css=\u00a0\u00bb.vc_custom_1711959621267{padding-top: 8px !important;padding-bottom: 12px !important;}\u00a0\u00bb][vc_column_text css=\u00a0\u00bb.vc_custom_1711959815087{margin-bottom: 0px !important;}\u00a0\u00bb]<img loading=\"lazy\" decoding=\"async\" class=\"title-divider aligncenter wp-image-1276\" src=\"https:\/\/23291447861.thesite.link\/wp-content\/uploads\/2018\/03\/divider2.png\" alt=\"\" width=\"250\" height=\"22\" srcset=\"https:\/\/bellaveneziahotel.com\/wp-content\/uploads\/2018\/03\/divider2.png 432w, https:\/\/bellaveneziahotel.com\/wp-content\/uploads\/2018\/03\/divider2-300x26.png 300w\" sizes=\"(max-width: 250px) 100vw, 250px\" \/>[\/vc_column_text][vc_column_text css=\u00a0\u00bb.vc_custom_1717591257196{margin-bottom: 30px !important;}\u00a0\u00bb]<\/p>\n<p style=\"text-align: center;\">Bella Venezia a \u00e9t\u00e9 r\u00e9nov\u00e9 pour la deuxi\u00e8me fois durant l\u2019hiver 2023\/2024, afin de vous offrir une exp\u00e9rience de s\u00e9jour luxueuse et confortable digne d\u2019un h\u00f4tel contemporain tout en conservant la finesse et le caract\u00e8re exceptionnel de notre b\u00e2timent historique. The Hotel\u2019s indoor public area maintains an artistic \u201cBelle Epoque\u201d ambience<br \/>\nand features a fully stocked snack bar, lofty, wooden-carved ceilings, pink &amp; white checked floors made of Ioannina marble and all the mansion\u2019s original architectural elements.<br \/>\nNotre petit-d\u00e9jeuner est servi dans notre jolie salle \u00e0 manger ensoleill\u00e9e ou en plein air dans notre jardin, pendant l\u2019\u00e9t\u00e9.[\/vc_column_text][\/vc_column][vc_column css_animation=\u00a0\u00bbfadeInLeft\u00a0\u00bb width=\u00a0\u00bb1\/2&Prime; css=\u00a0\u00bb.vc_custom_1717591303131{padding-top: 50px !important;padding-right: 100px !important;padding-bottom: 50px !important;padding-left: 200px !important;background-color: #d4c39b !important;}\u00a0\u00bb offset=\u00a0\u00bbvc_hidden-sm vc_hidden-xs\u00a0\u00bb][vc_custom_heading text=\u00a0\u00bbNos prestations\u00a0\u00bb font_container=\u00a0\u00bbtag:h2|font_size:40|text_align:left\u00a0\u00bb use_theme_fonts=\u00a0\u00bbyes\u00a0\u00bb css_animation=\u00a0\u00bbfadeInUp\u00a0\u00bb][vc_separator color=\u00a0\u00bbcustom\u00a0\u00bb align=\u00a0\u00bbalign_left\u00a0\u00bb el_width=\u00a0\u00bb10&Prime; css_animation=\u00a0\u00bbnone\u00a0\u00bb el_class=\u00a0\u00bbseparator-rotate\u00a0\u00bb accent_color=\u00a0\u00bb#ffffff\u00a0\u00bb css=\u00a0\u00bb.vc_custom_1710340073739{margin-top: 40px !important;}\u00a0\u00bb][vc_column_text css_animation=\u00a0\u00bbfadeInUp\u00a0\u00bb]<\/p>\n<ul style=\"font-size: 16px;\">\n<li>Accueil 24h\/24<\/li>\n<li>Ascenseur<\/li>\n<li>Carte d\u2019oreillers<\/li>\n<li>Changement de serviette quotidienne (option de retrait)<\/li>\n<li>Fer et table \u00e0 repasser (sur demande)<\/li>\n<li>Jardin<\/li>\n<li>lit b\u00e9b\u00e9 (sur demande)<\/li>\n<li>M\u00e9decin (sur demande)<\/li>\n<li>Ordinateur portable gratuis (sur demande)<\/li>\n<li>Panier petit dejeuner (sur demande)<\/li>\n<li>Petit d\u00e9jeuner 07.15-10.30<\/li>\n<li>Place de parking (avec rr\u00e9servation)<\/li>\n<li>Salon avec t\u00e9l\u00e9<\/li>\n<li>Service de bagages<\/li>\n<li>Service de chambre (08:00-23:00)<\/li>\n<li>Service de la couverture (pr\u00e9paration de la chambre du client pour la nuit)<\/li>\n<li>Service de r\u00e9veil<\/li>\n<li>Service de transport depuis l\u2019a\u00e9roport\/port (gratuit pour un s\u00e9jour de sept jours ou plus, valable uniquement pour des r\u00e9servations en direct avec l\u2019h\u00f4tel)<\/li>\n<li>Serviettes de plage<\/li>\n<li>Snack-bar (11:00-23.00)<\/li>\n<li>T\u00e9l\u00e9vision par satellite dans les chambres<\/li>\n<li>Wi-Fi gratuit dans tous les espaces publics et les chambres<\/li>\n<\/ul>\n<p>[\/vc_column_text][\/vc_column][vc_column css_animation=\u00a0\u00bbfadeInLeft\u00a0\u00bb width=\u00a0\u00bb1\/2&Prime; css=\u00a0\u00bb.vc_custom_1717591342924{background-color: #d4c39b !important;}\u00a0\u00bb offset=\u00a0\u00bbvc_hidden-sm vc_hidden-xs\u00a0\u00bb][vc_single_image image=\u00a0\u00bb2380&Prime; img_size=\u00a0\u00bbFULL\u00a0\u00bb][\/vc_column][\/vc_row][vc_row full_width=\u00a0\u00bbstretch_row_content_no_spaces\u00a0\u00bb equal_height=\u00a0\u00bbyes\u00a0\u00bb content_placement=\u00a0\u00bbmiddle\u00a0\u00bb css_animation=\u00a0\u00bbfadeIn\u00a0\u00bb css=\u00a0\u00bb.vc_custom_1710341227264{margin-top: 70px !important;}\u00a0\u00bb][vc_column width=\u00a0\u00bb1\/2&Prime; offset=\u00a0\u00bbvc_hidden-lg vc_hidden-md\u00a0\u00bb][vc_single_image image=\u00a0\u00bb2562&Prime; img_size=\u00a0\u00bbFULL\u00a0\u00bb][\/vc_column][vc_column css_animation=\u00a0\u00bbfadeInLeft\u00a0\u00bb width=\u00a0\u00bb1\/2&Prime; css=\u00a0\u00bb.vc_custom_1712838339336{padding-top: 50px !important;padding-right: 50px !important;padding-left: 20px !important;}\u00a0\u00bb offset=\u00a0\u00bbvc_hidden-lg vc_hidden-md\u00a0\u00bb][vc_custom_heading text=\u00a0\u00bbD\u2019autres services<br \/>\nen partenariat<br \/>\navec les organismes\u00a0\u00bb font_container=\u00a0\u00bbtag:h2|font_size:40|text_align:left\u00a0\u00bb use_theme_fonts=\u00a0\u00bbyes\u00a0\u00bb css_animation=\u00a0\u00bbfadeInUp\u00a0\u00bb][vc_separator color=\u00a0\u00bbcustom\u00a0\u00bb align=\u00a0\u00bbalign_left\u00a0\u00bb border_width=\u00a0\u00bb2&Prime; el_width=\u00a0\u00bb20&Prime; css_animation=\u00a0\u00bbnone\u00a0\u00bb el_class=\u00a0\u00bbseparator-rotate\u00a0\u00bb accent_color=\u00a0\u00bb#ad8f4a\u00a0\u00bb css=\u00a0\u00bb.vc_custom_1712838287678{margin-top: 40px !important;padding-top: 10px !important;padding-bottom: 10px !important;}\u00a0\u00bb][vc_column_text css_animation=\u00a0\u00bbfadeInUp\u00a0\u00bb]<\/p>\n<ul style=\"font-size: 16px;\">\n<li style=\"text-align: left;\">Location de voiture<\/li>\n<li style=\"text-align: left;\">Location de motos<\/li>\n<li style=\"text-align: left;\">R\u00e9servations de restaurants<\/li>\n<li style=\"text-align: left;\">Transport en taxi\/minibus<\/li>\n<li style=\"text-align: left;\">Services de blanchisserie (livraison 48h)<\/li>\n<li style=\"text-align: left;\">Excursions<\/li>\n<\/ul>\n<p>[\/vc_column_text][\/vc_column][\/vc_row][vc_row full_width=\u00a0\u00bbstretch_row_content_no_spaces\u00a0\u00bb equal_height=\u00a0\u00bbyes\u00a0\u00bb content_placement=\u00a0\u00bbmiddle\u00a0\u00bb css_animation=\u00a0\u00bbfadeIn\u00a0\u00bb css=\u00a0\u00bb.vc_custom_1710341227264{margin-top: 70px !important;}\u00a0\u00bb][vc_column width=\u00a0\u00bb1\/2&Prime; offset=\u00a0\u00bbvc_hidden-sm vc_hidden-xs\u00a0\u00bb][vc_single_image image=\u00a0\u00bb2562&Prime; img_size=\u00a0\u00bbFULL\u00a0\u00bb][\/vc_column][vc_column css_animation=\u00a0\u00bbfadeInLeft\u00a0\u00bb width=\u00a0\u00bb1\/2&Prime; css=\u00a0\u00bb.vc_custom_1712838064807{padding-right: 100px !important;padding-bottom: 50px !important;padding-left: 200px !important;}\u00a0\u00bb offset=\u00a0\u00bbvc_hidden-sm vc_hidden-xs\u00a0\u00bb][vc_custom_heading text=\u00a0\u00bbD\u2019autres services en partenariat<br \/>\navec les organismes\u00a0\u00bb font_container=\u00a0\u00bbtag:h2|font_size:40|text_align:left\u00a0\u00bb use_theme_fonts=\u00a0\u00bbyes\u00a0\u00bb css_animation=\u00a0\u00bbfadeInUp\u00a0\u00bb][vc_separator color=\u00a0\u00bbcustom\u00a0\u00bb align=\u00a0\u00bbalign_left\u00a0\u00bb el_width=\u00a0\u00bb10&Prime; css_animation=\u00a0\u00bbnone\u00a0\u00bb el_class=\u00a0\u00bbseparator-rotate\u00a0\u00bb accent_color=\u00a0\u00bb#ad8f4a\u00a0\u00bb css=\u00a0\u00bb.vc_custom_1710340641151{margin-top: 40px !important;}\u00a0\u00bb][vc_column_text css_animation=\u00a0\u00bbfadeInUp\u00a0\u00bb]<\/p>\n<ul style=\"font-size: 16px;\">\n<li style=\"text-align: left;\">Location de voiture<\/li>\n<li style=\"text-align: left;\">Location de motos<\/li>\n<li style=\"text-align: left;\">R\u00e9servations de restaurants<\/li>\n<li style=\"text-align: left;\">Transport en taxi\/minibus<\/li>\n<li style=\"text-align: left;\">Services de blanchisserie (livraison 48h)<\/li>\n<li style=\"text-align: left;\">Excursions<\/li>\n<\/ul>\n<p>[\/vc_column_text][\/vc_column][\/vc_row][vc_row full_width=\u00a0\u00bbstretch_row_content\u00a0\u00bb css=\u00a0\u00bb.vc_custom_1712836938452{margin-top: 50px !important;padding-top: 50px !important;padding-bottom: 70px !important;background-color: #f3eee2 !important;}\u00a0\u00bb][vc_column][vc_custom_heading text=\u00a0\u00bbDURABILIT\u00c9\u00a0\u00bb font_container=\u00a0\u00bbtag:h2|text_align:center\u00a0\u00bb use_theme_fonts=\u00a0\u00bbyes\u00a0\u00bb css=\u00a0\u00bb.vc_custom_1712838415906{padding-top: 8px !important;padding-bottom: 12px !important;}\u00a0\u00bb][vc_column_text css=\u00a0\u00bb.vc_custom_1711959815087{margin-bottom: 0px !important;}\u00a0\u00bb]<img loading=\"lazy\" decoding=\"async\" class=\"title-divider aligncenter wp-image-1276\" src=\"https:\/\/23291447861.thesite.link\/wp-content\/uploads\/2018\/03\/divider2.png\" alt=\"\" width=\"250\" height=\"22\" srcset=\"https:\/\/bellaveneziahotel.com\/wp-content\/uploads\/2018\/03\/divider2.png 432w, https:\/\/bellaveneziahotel.com\/wp-content\/uploads\/2018\/03\/divider2-300x26.png 300w\" sizes=\"(max-width: 250px) 100vw, 250px\" \/>[\/vc_column_text][vc_column_text css=\u00a0\u00bb.vc_custom_1712853601925{margin-bottom: 120px !important;}\u00a0\u00bb]<\/p>\n<p style=\"text-align: center;\">Le Bella Venezia Boutique\u2013H\u00f4tel Historique veille \u00e0 la r\u00e9duction du volume de d\u00e9chets et la promotion de la responsabilit\u00e9 environnementale. Le d\u00e9veloppement durable<br \/>\nest le pilier sur lequel repose le fonctionnement de notre h\u00f4tel. Pour cette raison, nous souhaitons informer nos visiteurs consciencieux que la responsabilit\u00e9 environnementale a \u00e9t\u00e9 prise en compte dans chaque facette de leur s\u00e9jour.[\/vc_column_text][lab_button title=\u00a0\u00bbEN SAVOIR PLUS\u00a0\u00bb type=\u00a0\u00bbstandard\u00a0\u00bb link=\u00a0\u00bburl:https%3A%2F%2Fbellaveneziahotel.com%2Fsustainability%2F|title:DURABILIT%C3%89|\u00a0\u00bb el_class=\u00a0\u00bbsus-button\u00a0\u00bb css=\u00a0\u00bb.vc_custom_1713708291599{margin-top: -90px !important;}\u00a0\u00bb][\/vc_column][\/vc_row]<\/p>\n<\/div>","protected":false},"excerpt":{"rendered":"<p>[vc_row full_width=\u00a0\u00bbstretch_row_content_no_spaces\u00a0\u00bb equal_height=\u00a0\u00bbyes\u00a0\u00bb content_placement=\u00a0\u00bbmiddle\u00a0\u00bb css_animation=\u00a0\u00bbfadeIn\u00a0\u00bb css=\u00a0\u00bb.vc_custom_1711959682564{border-top-width: 1px !important;border-top-color: #eeeeee !important;border-top-style: solid !important;}\u00a0\u00bb][vc_column css=\u00a0\u00bb.vc_custom_1712837576781{padding-top: 80px !important;padding-bottom: 50px !important;}\u00a0\u00bb offset=\u00a0\u00bbvc_hidden-lg vc_hidden-md\u00a0\u00bb][vc_custom_heading text=\u00a0\u00bbBELLA VENEZIA HISTORIC BOUTIQUE HOTEL\u00a0\u00bb font_container=\u00a0\u00bbtag:h3|font_size:15|text_align:center|color:%23222222|line_height:1.2&Prime; google_fonts=\u00a0\u00bbfont_family:Roboto%20Slab%3A100%2C300%2Cregular%2C700|font_style:400%20regular%3A400%3Anormal\u00a0\u00bb el_class=\u00a0\u00bbsub-heading\u00a0\u00bb][vc_custom_heading text=\u00a0\u00bbLOGEMENT\u00a0\u00bb font_container=\u00a0\u00bbtag:h1|font_size:50|text_align:center\u00a0\u00bb use_theme_fonts=\u00a0\u00bbyes\u00a0\u00bb css=\u00a0\u00bb.vc_custom_1712838423874{padding-top: 8px !important;padding-bottom: 12px !important;}\u00a0\u00bb][vc_column_text css=\u00a0\u00bb.vc_custom_1711959815087{margin-bottom: 0px !important;}\u00a0\u00bb][\/vc_column_text][vc_column_text css=\u00a0\u00bb.vc_custom_1712837758802{margin-bottom: 60px !important;padding-right: 20px !important;padding-left: 20px !important;}\u00a0\u00bb] Bella Venezia a \u00e9t\u00e9 r\u00e9nov\u00e9 pour la deuxi\u00e8me fois durant&hellip;<\/p>\n","protected":false},"author":1,"featured_media":0,"parent":0,"menu_order":0,"comment_status":"closed","ping_status":"closed","template":"","meta":{"_acf_changed":false,"footnotes":""},"acf":[],"_links":{"self":[{"href":"https:\/\/bellaveneziahotel.com\/fr\/wp-json\/wp\/v2\/pages\/3559"}],"collection":[{"href":"https:\/\/bellaveneziahotel.com\/fr\/wp-json\/wp\/v2\/pages"}],"about":[{"href":"https:\/\/bellaveneziahotel.com\/fr\/wp-json\/wp\/v2\/types\/page"}],"author":[{"embeddable":true,"href":"https:\/\/bellaveneziahotel.com\/fr\/wp-json\/wp\/v2\/users\/1"}],"replies":[{"embeddable":true,"href":"https:\/\/bellaveneziahotel.com\/fr\/wp-json\/wp\/v2\/comments?post=3559"}],"version-history":[{"count":38,"href":"https:\/\/bellaveneziahotel.com\/fr\/wp-json\/wp\/v2\/pages\/3559\/revisions"}],"predecessor-version":[{"id":4240,"href":"https:\/\/bellaveneziahotel.com\/fr\/wp-json\/wp\/v2\/pages\/3559\/revisions\/4240"}],"wp:attachment":[{"href":"https:\/\/bellaveneziahotel.com\/fr\/wp-json\/wp\/v2\/media?parent=3559"}],"curies":[{"name":"wp","href":"https:\/\/api.w.org\/{rel}","templated":true}]}}