{"id":3565,"date":"2018-02-07T13:43:23","date_gmt":"2018-02-07T11:43:23","guid":{"rendered":"https:\/\/bellaveneziahotel.com\/notre-jardin\/"},"modified":"2024-11-18T13:11:16","modified_gmt":"2024-11-18T11:11:16","slug":"notre-jardin","status":"publish","type":"page","link":"https:\/\/bellaveneziahotel.com\/fr\/notre-jardin\/","title":{"rendered":"NOTRE JARDIN"},"content":{"rendered":"<div class=\"wpb-content-wrapper\"><p>[vc_row full_width=\u00a0\u00bbstretch_row\u00a0\u00bb content_placement=\u00a0\u00bbmiddle\u00a0\u00bb css_animation=\u00a0\u00bbnone\u00a0\u00bb el_id=\u00a0\u00bbrestaurant\u00a0\u00bb el_class=\u00a0\u00bbrestaurant\u00a0\u00bb css=\u00a0\u00bb.vc_custom_1523281289932{border-top-width: 1px !important;border-top-color: #eeeeee !important;border-top-style: solid !important;}\u00a0\u00bb][vc_column css_animation=\u00a0\u00bbnone\u00a0\u00bb width=\u00a0\u00bb5\/12&Prime; css=\u00a0\u00bb.vc_custom_1523281984144{padding-top: 0px !important;}\u00a0\u00bb][vc_custom_heading text=\u00a0\u00bbNotre jardin\u00a0\u00bb font_container=\u00a0\u00bbtag:h1|text_align:left\u00a0\u00bb google_fonts=\u00a0\u00bbfont_family:Roboto%20Slab%3A100%2C300%2Cregular%2C700|font_style:400%20regular%3A400%3Anormal\u00a0\u00bb css_animation=\u00a0\u00bbright-to-left\u00a0\u00bb el_class=\u00a0\u00bbh1-title\u00a0\u00bb css=\u00a0\u00bb.vc_custom_1709731362816{padding-bottom: 25px !important;}\u00a0\u00bb][vc_separator color=\u00a0\u00bbcustom\u00a0\u00bb align=\u00a0\u00bbalign_left\u00a0\u00bb border_width=\u00a0\u00bb3&Prime; el_width=\u00a0\u00bb10&Prime; css_animation=\u00a0\u00bbnone\u00a0\u00bb el_class=\u00a0\u00bbseparator-rotate\u00a0\u00bb accent_color=\u00a0\u00bb#ad8f4a\u00a0\u00bb][vc_column_text css_animation=\u00a0\u00bbright-to-left\u00a0\u00bb css=\u00a0\u00bb.vc_custom_1713724276988{margin-bottom: 0px !important;}\u00a0\u00bb]Notre jardin est une v\u00e9ritable <strong> oasis de calme <\/strong> dans la ville bruyante de Corfou. Un buffet de petit d\u00e9jeuner riche est servi dans la salle \u00e0 manger sur le jardin qui est inond\u00e9e de lumi\u00e8re et de couleurs. Pendant la p\u00e9riode estivale, vous pouvez d\u00e9guster votre petit d\u00e9jeuner sous le toit d\u2019une pergola de notre jardin nich\u00e9 au c\u0153ur des fleurs.<\/p>\n<p>En soir\u00e9e, vous pouvez commander votre cocktail et le d\u00e9guster en profitant des sons relaxantes de l\u2019eau de la fontaine ou \u00e9couter de la musique en direct et assister \u00e0 tous les \u00e9v\u00e8nements organis\u00e9s chaque semaine dans notre h\u00f4tel.<\/p>\n<p>De plus, on organise une d\u00e9gustation d\u2019huile d\u2019olive une fois par semaine pendant laquelle vous avez la chance de d\u00e9guster de l\u2019huile d\u2019olive provenant de diff\u00e9rents producteurs locaux, laur\u00e9ats des prix mondiaux pour la qualit\u00e9 excellente de leur produit.[\/vc_column_text][\/vc_column][vc_column css_animation=\u00a0\u00bbnone\u00a0\u00bb width=\u00a0\u00bb1\/12&Prime; offset=\u00a0\u00bbvc_hidden-xs\u00a0\u00bb][\/vc_column][vc_column width=\u00a0\u00bb1\/2&Prime;][vc_single_image image=\u00a0\u00bb4166&Prime; img_size=\u00a0\u00bblarge\u00a0\u00bb alignment=\u00a0\u00bbcenter\u00a0\u00bb css_animation=\u00a0\u00bbfadeIn\u00a0\u00bb el_class=\u00a0\u00bbimage-shadow\u00a0\u00bb][\/vc_column][\/vc_row][vc_row full_width=\u00a0\u00bbstretch_row\u00a0\u00bb content_placement=\u00a0\u00bbmiddle\u00a0\u00bb css_animation=\u00a0\u00bbnone\u00a0\u00bb css=\u00a0\u00bb.vc_custom_1523282299335{border-top-width: 1px !important;border-top-color: #eeeeee !important;border-top-style: solid !important;}\u00a0\u00bb el_class=\u00a0\u00bbrestaurant-row-2&Prime;][vc_column][vc_custom_heading text=\u00a0\u00bbNotre petit-d\u00e9jeuner\u00a0\u00bb font_container=\u00a0\u00bbtag:h2|font_size:42|text_align:center\u00a0\u00bb google_fonts=\u00a0\u00bbfont_family:Roboto%20Slab%3A100%2C300%2Cregular%2C700|font_style:400%20regular%3A400%3Anormal\u00a0\u00bb css_animation=\u00a0\u00bbflipInX\u00a0\u00bb css=\u00a0\u00bb.vc_custom_1709726517182{padding-top: 0px !important;}\u00a0\u00bb][vc_column_text css_animation=\u00a0\u00bbfadeIn\u00a0\u00bb]<\/p>\n<p style=\"text-align: center; font-size: 16px;\"><img loading=\"lazy\" decoding=\"async\" class=\"title-divider aligncenter wp-image-1276\" src=\"https:\/\/23291447861.thesite.link\/wp-content\/uploads\/2018\/03\/divider2.png\" alt=\"\" width=\"250\" height=\"22\" srcset=\"https:\/\/bellaveneziahotel.com\/wp-content\/uploads\/2018\/03\/divider2.png 432w, https:\/\/bellaveneziahotel.com\/wp-content\/uploads\/2018\/03\/divider2-300x26.png 300w\" sizes=\"(max-width: 250px) 100vw, 250px\" \/><br \/>\nDepuis mai 2014, notre h\u00f4tel participe au programme \u201cPetit d\u00e9jeuner grec \u00bb ayant obtenu une certification par la chambre de commerce. Etant membre de ce programme, nous avons le plaisir<br \/>\nd\u2019offrir aux clients la possibilit\u00e9 de d\u00e9guster et d\u2019appr\u00e9cier un grand nombre de produits traditionnels de meilleure qualit\u00e9.[\/vc_column_text][vc_single_image image=\u00a0\u00bb2673&Prime; img_size=\u00a0\u00bb\u00a0\u00bb alignment=\u00a0\u00bbcenter\u00a0\u00bb][\/vc_column][\/vc_row][vc_row equal_height=\u00a0\u00bbyes\u00a0\u00bb content_placement=\u00a0\u00bbmiddle\u00a0\u00bb][vc_column css_animation=\u00a0\u00bbnone\u00a0\u00bb width=\u00a0\u00bb1\/4&Prime; css=\u00a0\u00bb.vc_custom_1713710225201{padding-left: 0px !important;background-image: url(https:\/\/bellaveneziahotel.com\/wp-content\/uploads\/2024\/03\/Our-Buffet.jpg?id=2306) !important;background-position: center !important;background-repeat: no-repeat !important;background-size: cover !important;}\u00a0\u00bb offset=\u00a0\u00bbvc_hidden-sm vc_hidden-xs\u00a0\u00bb][\/vc_column][vc_column css_animation=\u00a0\u00bbnone\u00a0\u00bb width=\u00a0\u00bb1\/4&Prime; css=\u00a0\u00bb.vc_custom_1524486200764{padding-top: 50px !important;padding-right: 50px !important;padding-bottom: 50px !important;padding-left: 50px !important;background-color: #fff5eb !important;}\u00a0\u00bb offset=\u00a0\u00bbvc_hidden-sm vc_hidden-xs\u00a0\u00bb][vc_custom_heading text=\u00a0\u00bbBuffet\u00a0\u00bb font_container=\u00a0\u00bbtag:h3|text_align:center\u00a0\u00bb google_fonts=\u00a0\u00bbfont_family:Roboto%20Slab%3A100%2C300%2Cregular%2C700|font_style:400%20regular%3A400%3Anormal\u00a0\u00bb css_animation=\u00a0\u00bbnone\u00a0\u00bb][vc_column_text css=\u00a0\u00bb.vc_custom_1709727829910{margin-bottom: 0px !important;}\u00a0\u00bb]<\/p>\n<p style=\"text-align: center;\">Notre buffet comprend du le yaourt grec de haute qualit\u00e9 au miel local et aux noix, des confitures maison (quatre saveurs), le gruy\u00e8re local, du nouboulo (la saucisse la plus populaire de Corfou) et d\u2019autres mets traditionnels, des fruits de saison, des feuillet\u00e9s bien cuites et du jus d\u2019orange press\u00e9.<\/p>\n<p>[\/vc_column_text][\/vc_column][vc_column css_animation=\u00a0\u00bbnone\u00a0\u00bb width=\u00a0\u00bb1\/4&Prime; css=\u00a0\u00bb.vc_custom_1713710255879{padding-left: 0px !important;background-image: url(https:\/\/bellaveneziahotel.com\/wp-content\/uploads\/2024\/02\/Breakfast.jpg?id=2074) !important;background-position: center !important;background-repeat: no-repeat !important;background-size: cover !important;}\u00a0\u00bb offset=\u00a0\u00bbvc_hidden-sm vc_hidden-xs\u00a0\u00bb][\/vc_column][vc_column width=\u00a0\u00bb1\/4&Prime; css=\u00a0\u00bb.vc_custom_1709727437161{padding-top: 50px !important;padding-right: 50px !important;padding-bottom: 50px !important;padding-left: 50px !important;background-color: #f4f9e7 !important;}\u00a0\u00bb offset=\u00a0\u00bbvc_hidden-sm vc_hidden-xs\u00a0\u00bb][vc_custom_heading text=\u00a0\u00bbCoin cuisson des oeufs\u00a0\u00bb font_container=\u00a0\u00bbtag:h3|text_align:center\u00a0\u00bb google_fonts=\u00a0\u00bbfont_family:Roboto%20Slab%3A100%2C300%2Cregular%2C700|font_style:400%20regular%3A400%3Anormal\u00a0\u00bb][vc_column_text css=\u00a0\u00bb.vc_custom_1731928263250{margin-bottom: 0px !important;}\u00a0\u00bb]<\/p>\n<p style=\"text-align: center;\">Votre omelette ou d\u2019autres plats aux \u0153ufs sont pr\u00e9par\u00e9s sur place devant vous avec les accompagnements que vous souhaitez. En cuisine, on n\u2019utilise que de l\u2019huile <strong>d\u2019olive extra vierge.<\/strong><\/p>\n<p>[\/vc_column_text][\/vc_column][\/vc_row][vc_row equal_height=\u00a0\u00bbyes\u00a0\u00bb content_placement=\u00a0\u00bbmiddle\u00a0\u00bb][vc_column css_animation=\u00a0\u00bbnone\u00a0\u00bb width=\u00a0\u00bb1\/2&Prime; css=\u00a0\u00bb.vc_custom_1524486288061{padding-top: 15px !important;background-position: center !important;background-repeat: no-repeat !important;background-size: cover !important;}\u00a0\u00bb offset=\u00a0\u00bbvc_hidden-lg vc_hidden-md\u00a0\u00bb][vc_single_image image=\u00a0\u00bb2306&Prime; img_size=\u00a0\u00bbfull\u00a0\u00bb css=\u00a0\u00bb.vc_custom_1710328905092{margin-bottom: 0px !important;}\u00a0\u00bb][\/vc_column][vc_column css_animation=\u00a0\u00bbnone\u00a0\u00bb width=\u00a0\u00bb1\/2&Prime; css=\u00a0\u00bb.vc_custom_1524486298552{margin-right: 15px !important;margin-left: 15px !important;padding-top: 50px !important;padding-right: 50px !important;padding-bottom: 50px !important;padding-left: 50px !important;background-color: #fff5eb !important;}\u00a0\u00bb offset=\u00a0\u00bbvc_hidden-lg vc_hidden-md\u00a0\u00bb][vc_custom_heading text=\u00a0\u00bbBuffet\u00a0\u00bb font_container=\u00a0\u00bbtag:h3|text_align:center\u00a0\u00bb use_theme_fonts=\u00a0\u00bbyes\u00a0\u00bb css_animation=\u00a0\u00bbnone\u00a0\u00bb][vc_column_text css=\u00a0\u00bb.vc_custom_1710328978920{margin-bottom: 0px !important;}\u00a0\u00bb]<\/p>\n<p style=\"text-align: center;\">Notre buffet comprend du le yaourt grec de haute qualit\u00e9 au miel local et aux noix, des confitures maison (quatre saveurs), le gruy\u00e8re local, du nouboulo (la saucisse la plus populaire de Corfou) et d\u2019autres mets traditionnels, des fruits de saison, des feuillet\u00e9s bien cuites et du jus d\u2019orange press\u00e9.<\/p>\n<p>[\/vc_column_text][\/vc_column][vc_column css_animation=\u00a0\u00bbnone\u00a0\u00bb width=\u00a0\u00bb1\/2&Prime; css=\u00a0\u00bb.vc_custom_1524486323566{padding-top: 15px !important;background-position: center !important;background-repeat: no-repeat !important;background-size: cover !important;}\u00a0\u00bb offset=\u00a0\u00bbvc_hidden-lg vc_hidden-md\u00a0\u00bb][vc_single_image image=\u00a0\u00bb2074&Prime; img_size=\u00a0\u00bbfull\u00a0\u00bb css=\u00a0\u00bb.vc_custom_1710329011225{margin-bottom: 0px !important;}\u00a0\u00bb][\/vc_column][vc_column width=\u00a0\u00bb1\/2&Prime; css=\u00a0\u00bb.vc_custom_1524486330300{margin-right: 15px !important;margin-left: 15px !important;padding-top: 50px !important;padding-right: 50px !important;padding-bottom: 50px !important;padding-left: 50px !important;background-color: #f4f9e7 !important;}\u00a0\u00bb offset=\u00a0\u00bbvc_hidden-lg vc_hidden-md\u00a0\u00bb][vc_custom_heading text=\u00a0\u00bbCoin cuisson des oeufs\u00a0\u00bb font_container=\u00a0\u00bbtag:h3|text_align:center\u00a0\u00bb use_theme_fonts=\u00a0\u00bbyes\u00a0\u00bb][vc_column_text css=\u00a0\u00bb.vc_custom_1731928273262{margin-bottom: 0px !important;}\u00a0\u00bb]<\/p>\n<p style=\"text-align: center;\">Votre omelette ou d\u2019autres plats aux \u0153ufs sont pr\u00e9par\u00e9s sur place devant vous avec les accompagnements que vous souhaitez. En cuisine, on n\u2019utilise que de l\u2019huile <strong>d\u2019olive extra vierge.<\/strong><\/p>\n<p>[\/vc_column_text][\/vc_column][\/vc_row][vc_row equal_height=\u00a0\u00bbyes\u00a0\u00bb content_placement=\u00a0\u00bbmiddle\u00a0\u00bb css=\u00a0\u00bb.vc_custom_1715160325052{padding-bottom: 80px !important;}\u00a0\u00bb][vc_column width=\u00a0\u00bb1\/4&Prime; css=\u00a0\u00bb.vc_custom_1709727448601{padding-top: 50px !important;padding-right: 50px !important;padding-bottom: 50px !important;padding-left: 50px !important;background-color: #f4f9e7 !important;}\u00a0\u00bb offset=\u00a0\u00bbvc_hidden-sm vc_hidden-xs\u00a0\u00bb][vc_custom_heading text=\u00a0\u00bbRestrictions alimentaires\u00a0\u00bb font_container=\u00a0\u00bbtag:h3|text_align:center\u00a0\u00bb google_fonts=\u00a0\u00bbfont_family:Roboto%20Slab%3A100%2C300%2Cregular%2C700|font_style:400%20regular%3A400%3Anormal\u00a0\u00bb][vc_column_text css=\u00a0\u00bb.vc_custom_1710328819066{margin-bottom: 0px !important;}\u00a0\u00bb]<\/p>\n<p style=\"text-align: center;\">Vous trouverez dans notre buffet toutes les alternatives pour les diff\u00e9rentes habitudes et besoins. Vous aurez \u00e0 votre disposition des options pour les v\u00e9g\u00e9tariens ou les v\u00e9g\u00e9taliens. De plus, nous vous offrons du pain sans gluten et du lait v\u00e9g\u00e9tal sur demande, au moins 24 heures avant.<\/p>\n<p>[\/vc_column_text][\/vc_column][vc_column width=\u00a0\u00bb1\/4&Prime; css=\u00a0\u00bb.vc_custom_1713710287188{padding-left: 0px !important;background-image: url(https:\/\/bellaveneziahotel.com\/wp-content\/uploads\/2024\/03\/Egg-Corner.jpg?id=2305) !important;background-position: center !important;background-repeat: no-repeat !important;background-size: cover !important;}\u00a0\u00bb offset=\u00a0\u00bbvc_hidden-sm vc_hidden-xs\u00a0\u00bb][\/vc_column][vc_column width=\u00a0\u00bb1\/4&Prime; css=\u00a0\u00bb.vc_custom_1709727425575{padding-top: 50px !important;padding-right: 50px !important;padding-bottom: 50px !important;padding-left: 50px !important;background-color: #fff5eb !important;}\u00a0\u00bb offset=\u00a0\u00bbvc_hidden-sm vc_hidden-xs\u00a0\u00bb][vc_custom_heading text=\u00a0\u00bbOptions V\u00e9gan\u00a0\u00bb font_container=\u00a0\u00bbtag:h3|text_align:center\u00a0\u00bb google_fonts=\u00a0\u00bbfont_family:Roboto%20Slab%3A100%2C300%2Cregular%2C700|font_style:400%20regular%3A400%3Anormal\u00a0\u00bb][vc_column_text css=\u00a0\u00bb.vc_custom_1710328849512{margin-bottom: 0px !important;}\u00a0\u00bb]<\/p>\n<p style=\"font-weight: 400; text-align: center;\">Le buffet d\u00e9di\u00e9 v\u00e9gan contient du pain et des petits pains (blancs ou complets), des flocons d\u2019avoine, des c\u00e9r\u00e9ales, du musli, des confitures maison, des fruits secs, des fruits de saison frais et s\u00e9ch\u00e9s (airelles, prunes, raisins secs), la sikomaida de Corfou, des l\u00e9gumes, du jus d\u2019orange press\u00e9 et des smoothies.<\/p>\n<p>[\/vc_column_text][\/vc_column][vc_column width=\u00a0\u00bb1\/4&Prime; css=\u00a0\u00bb.vc_custom_1713710302897{padding-left: 0px !important;background-image: url(https:\/\/bellaveneziahotel.com\/wp-content\/uploads\/2024\/03\/\u0394\u03b9\u03b1\u03c4\u03c1\u03bf\u03c6\u03b9\u03ba\u03ad\u03c2-\u0399\u03b4\u03b9\u03b1\u03b9\u03c4\u03b5\u03c1\u03cc\u03c4\u03b7\u03c4\u03b5\u03c2.jpg?id=2318) !important;background-position: center !important;background-repeat: no-repeat !important;background-size: cover !important;}\u00a0\u00bb offset=\u00a0\u00bbvc_hidden-sm vc_hidden-xs\u00a0\u00bb][\/vc_column][\/vc_row][vc_row equal_height=\u00a0\u00bbyes\u00a0\u00bb content_placement=\u00a0\u00bbmiddle\u00a0\u00bb][vc_column css_animation=\u00a0\u00bbnone\u00a0\u00bb width=\u00a0\u00bb1\/2&Prime; css=\u00a0\u00bb.vc_custom_1524486418087{padding-top: 15px !important;background-position: center !important;background-repeat: no-repeat !important;background-size: cover !important;}\u00a0\u00bb offset=\u00a0\u00bbvc_hidden-lg vc_hidden-md\u00a0\u00bb][vc_single_image image=\u00a0\u00bb2305&Prime; img_size=\u00a0\u00bbfull\u00a0\u00bb css=\u00a0\u00bb.vc_custom_1710329083370{margin-bottom: 0px !important;}\u00a0\u00bb][\/vc_column][vc_column css_animation=\u00a0\u00bbnone\u00a0\u00bb width=\u00a0\u00bb1\/2&Prime; css=\u00a0\u00bb.vc_custom_1524486423382{margin-right: 15px !important;margin-left: 15px !important;padding-top: 50px !important;padding-right: 50px !important;padding-bottom: 50px !important;padding-left: 50px !important;background-color: #f5f5f5 !important;}\u00a0\u00bb offset=\u00a0\u00bbvc_hidden-lg vc_hidden-md\u00a0\u00bb][vc_custom_heading text=\u00a0\u00bbRestrictions alimentaires\u00a0\u00bb font_container=\u00a0\u00bbtag:h3|text_align:center\u00a0\u00bb use_theme_fonts=\u00a0\u00bbyes\u00a0\u00bb][vc_column_text css=\u00a0\u00bb.vc_custom_1710329114644{margin-bottom: 0px !important;}\u00a0\u00bb]<\/p>\n<p style=\"text-align: center;\">Vous trouverez dans notre buffet toutes les alternatives pour les diff\u00e9rentes habitudes et besoins. Vous aurez \u00e0 votre disposition des options pour les v\u00e9g\u00e9tariens ou les v\u00e9g\u00e9taliens. De plus, nous vous offrons du pain sans gluten et du lait v\u00e9g\u00e9tal sur demande, au moins 24 heures avant.<\/p>\n<p>[\/vc_column_text][\/vc_column][vc_column css_animation=\u00a0\u00bbnone\u00a0\u00bb width=\u00a0\u00bb1\/2&Prime; css=\u00a0\u00bb.vc_custom_1524486436589{padding-top: 15px !important;background-position: center !important;background-repeat: no-repeat !important;background-size: cover !important;}\u00a0\u00bb offset=\u00a0\u00bbvc_hidden-lg vc_hidden-md\u00a0\u00bb][vc_single_image image=\u00a0\u00bb2318&Prime; img_size=\u00a0\u00bbfull\u00a0\u00bb css=\u00a0\u00bb.vc_custom_1710329134060{margin-bottom: 0px !important;}\u00a0\u00bb][\/vc_column][vc_column width=\u00a0\u00bb1\/2&Prime; css=\u00a0\u00bb.vc_custom_1524486599463{margin-right: 15px !important;margin-bottom: 25px !important;margin-left: 15px !important;padding-top: 50px !important;padding-right: 50px !important;padding-bottom: 50px !important;padding-left: 50px !important;background-color: #f5f5f5 !important;}\u00a0\u00bb offset=\u00a0\u00bbvc_hidden-lg vc_hidden-md\u00a0\u00bb][vc_custom_heading text=\u00a0\u00bbOptions V\u00e9gan\u00a0\u00bb font_container=\u00a0\u00bbtag:h3|text_align:center\u00a0\u00bb use_theme_fonts=\u00a0\u00bbyes\u00a0\u00bb][vc_column_text css=\u00a0\u00bb.vc_custom_1710329157668{margin-bottom: 0px !important;}\u00a0\u00bb]<\/p>\n<p style=\"text-align: center;\">Le buffet d\u00e9di\u00e9 v\u00e9gan contient du pain et des petits pains (blancs ou complets), des flocons d\u2019avoine, des c\u00e9r\u00e9ales, du musli, des confitures maison, des fruits secs, des fruits de saison frais et s\u00e9ch\u00e9s (airelles, prunes, raisins secs), la sikomaida de Corfou, des l\u00e9gumes, du jus d\u2019orange press\u00e9 et des smoothies.<\/p>\n<p>[\/vc_column_text][\/vc_column][\/vc_row]<\/p>\n<\/div>","protected":false},"excerpt":{"rendered":"<p>[vc_row full_width=\u00a0\u00bbstretch_row\u00a0\u00bb content_placement=\u00a0\u00bbmiddle\u00a0\u00bb css_animation=\u00a0\u00bbnone\u00a0\u00bb el_id=\u00a0\u00bbrestaurant\u00a0\u00bb el_class=\u00a0\u00bbrestaurant\u00a0\u00bb css=\u00a0\u00bb.vc_custom_1523281289932{border-top-width: 1px !important;border-top-color: #eeeeee !important;border-top-style: solid !important;}\u00a0\u00bb][vc_column css_animation=\u00a0\u00bbnone\u00a0\u00bb width=\u00a0\u00bb5\/12&Prime; css=\u00a0\u00bb.vc_custom_1523281984144{padding-top: 0px !important;}\u00a0\u00bb][vc_custom_heading text=\u00a0\u00bbNotre jardin\u00a0\u00bb font_container=\u00a0\u00bbtag:h1|text_align:left\u00a0\u00bb google_fonts=\u00a0\u00bbfont_family:Roboto%20Slab%3A100%2C300%2Cregular%2C700|font_style:400%20regular%3A400%3Anormal\u00a0\u00bb css_animation=\u00a0\u00bbright-to-left\u00a0\u00bb el_class=\u00a0\u00bbh1-title\u00a0\u00bb css=\u00a0\u00bb.vc_custom_1709731362816{padding-bottom: 25px !important;}\u00a0\u00bb][vc_separator color=\u00a0\u00bbcustom\u00a0\u00bb align=\u00a0\u00bbalign_left\u00a0\u00bb border_width=\u00a0\u00bb3&Prime; el_width=\u00a0\u00bb10&Prime; css_animation=\u00a0\u00bbnone\u00a0\u00bb el_class=\u00a0\u00bbseparator-rotate\u00a0\u00bb accent_color=\u00a0\u00bb#ad8f4a\u00a0\u00bb][vc_column_text css_animation=\u00a0\u00bbright-to-left\u00a0\u00bb css=\u00a0\u00bb.vc_custom_1713724276988{margin-bottom: 0px !important;}\u00a0\u00bb]Notre jardin est une v\u00e9ritable oasis de calme dans la ville bruyante de Corfou. Un buffet de petit&hellip;<\/p>\n","protected":false},"author":1,"featured_media":0,"parent":0,"menu_order":0,"comment_status":"closed","ping_status":"closed","template":"","meta":{"_acf_changed":false,"footnotes":""},"acf":[],"_links":{"self":[{"href":"https:\/\/bellaveneziahotel.com\/fr\/wp-json\/wp\/v2\/pages\/3565"}],"collection":[{"href":"https:\/\/bellaveneziahotel.com\/fr\/wp-json\/wp\/v2\/pages"}],"about":[{"href":"https:\/\/bellaveneziahotel.com\/fr\/wp-json\/wp\/v2\/types\/page"}],"author":[{"embeddable":true,"href":"https:\/\/bellaveneziahotel.com\/fr\/wp-json\/wp\/v2\/users\/1"}],"replies":[{"embeddable":true,"href":"https:\/\/bellaveneziahotel.com\/fr\/wp-json\/wp\/v2\/comments?post=3565"}],"version-history":[{"count":17,"href":"https:\/\/bellaveneziahotel.com\/fr\/wp-json\/wp\/v2\/pages\/3565\/revisions"}],"predecessor-version":[{"id":4527,"href":"https:\/\/bellaveneziahotel.com\/fr\/wp-json\/wp\/v2\/pages\/3565\/revisions\/4527"}],"wp:attachment":[{"href":"https:\/\/bellaveneziahotel.com\/fr\/wp-json\/wp\/v2\/media?parent=3565"}],"curies":[{"name":"wp","href":"https:\/\/api.w.org\/{rel}","templated":true}]}}