{"id":3618,"date":"2024-04-01T10:19:56","date_gmt":"2024-04-01T08:19:56","guid":{"rendered":"https:\/\/bellaveneziahotel.com\/durabilite\/"},"modified":"2024-04-30T09:03:54","modified_gmt":"2024-04-30T07:03:54","slug":"durabilite","status":"publish","type":"page","link":"https:\/\/bellaveneziahotel.com\/fr\/durabilite\/","title":{"rendered":"DURABILIT\u00c9"},"content":{"rendered":"<div class=\"wpb-content-wrapper\"><p>[vc_row css=\u00a0\u00bb.vc_custom_1711962426021{margin-bottom: 0px !important;}\u00a0\u00bb][vc_column][vc_custom_heading text=\u00a0\u00bbDURABILIT\u00c9\u00a0\u00bb font_container=\u00a0\u00bbtag:h1|text_align:center\u00a0\u00bb use_theme_fonts=\u00a0\u00bbyes\u00a0\u00bb css=\u00a0\u00bb.vc_custom_1711972959197{padding-top: 8px !important;padding-bottom: 12px !important;}\u00a0\u00bb][vc_column_text css=\u00a0\u00bb.vc_custom_1711959829058{margin-bottom: 0px !important;}\u00a0\u00bb]<img loading=\"lazy\" decoding=\"async\" class=\"title-divider aligncenter wp-image-1276\" src=\"https:\/\/23291447861.thesite.link\/wp-content\/uploads\/2018\/03\/divider2.png\" alt=\"\" width=\"250\" height=\"22\" srcset=\"https:\/\/bellaveneziahotel.com\/wp-content\/uploads\/2018\/03\/divider2.png 432w, https:\/\/bellaveneziahotel.com\/wp-content\/uploads\/2018\/03\/divider2-300x26.png 300w\" sizes=\"(max-width: 250px) 100vw, 250px\" \/>[\/vc_column_text][vc_column_text css=\u00a0\u00bb.vc_custom_1712853386681{margin-bottom: 50px !important;}\u00a0\u00bb]<\/p>\n<p style=\"text-align: center;\">Le Bella Venezia Boutique\u2013H\u00f4tel Historique veille \u00e0 la r\u00e9duction du volume de d\u00e9chets et la promotion de la responsabilit\u00e9 environnementale. Le d\u00e9veloppement durable<br \/>\nest le pilier sur lequel repose le fonctionnement de notre h\u00f4tel. Pour cette raison, nous souhaitons informer nos visiteurs consciencieux que la responsabilit\u00e9 environnementale a \u00e9t\u00e9 prise en compte dans chaque facette de leur s\u00e9jour.[\/vc_column_text][\/vc_column][\/vc_row][vc_row full_width=\u00a0\u00bbstretch_row\u00a0\u00bb css=\u00a0\u00bb.vc_custom_1711972933957{margin-right: 200px !important;margin-left: 300px !important;padding-top: 30px !important;background-color: #d4c39b !important;}\u00a0\u00bb][vc_column][vc_row_inner container_type=\u00a0\u00bbfluid\u00a0\u00bb][vc_column_inner width=\u00a0\u00bb1\/2&Prime;][vc_custom_heading text=\u00a0\u00bbD\u00e9chets et Recyclage\u00a0\u00bb google_fonts=\u00a0\u00bbfont_family:Roboto%20Slab%3A100%2C300%2Cregular%2C700|font_style:400%20regular%3A400%3Anormal\u00a0\u00bb][vc_column_text el_class=\u00a0\u00bbbullets\u00a0\u00bb]<\/p>\n<ul>\n<li>Nous avons supprim\u00e9 les agitateurs en plastique, les gobelets en plastique, les tasses en plastique et les couverts jetables en plastique.<\/li>\n<li>L\u2019\u00e9tablissement profite d\u2019un espace vert (jardin).<\/li>\n<li>Les mati\u00e8res recyclables (verre, papier, plastique, aluminium) sont collect\u00e9es dans les bacs de r\u00e9cup\u00e9ration fournis par la municipalit\u00e9.<\/li>\n<\/ul>\n<p>[\/vc_column_text][\/vc_column_inner][vc_column_inner width=\u00a0\u00bb1\/2&Prime;][vc_custom_heading text=\u00a0\u00bbEau\u00a0\u00bb google_fonts=\u00a0\u00bbfont_family:Roboto%20Slab%3A100%2C300%2Cregular%2C700|font_style:400%20regular%3A400%3Anormal\u00a0\u00bb][vc_column_text el_class=\u00a0\u00bbbullets\u00a0\u00bb]<\/p>\n<ul>\n<li>Toilettes \u00e9conomes en eau.<\/li>\n<li>Douches \u00e9conomes en eau.<\/li>\n<li>Les clients peuvent refuser le service de m\u00e9nage quotidien.<\/li>\n<li>Les clients ont la possibilit\u00e9 de r\u00e9utiliser les serviettes.<\/li>\n<\/ul>\n<p>[\/vc_column_text][\/vc_column_inner][\/vc_row_inner][\/vc_column][\/vc_row][vc_row full_width=\u00a0\u00bbstretch_row\u00a0\u00bb css=\u00a0\u00bb.vc_custom_1711972944959{margin-right: 200px !important;margin-bottom: 80px !important;margin-left: 300px !important;padding-bottom: 30px !important;background-color: #d4c39b !important;}\u00a0\u00bb][vc_column][vc_row_inner container_type=\u00a0\u00bbfluid\u00a0\u00bb][vc_column_inner width=\u00a0\u00bb1\/2&Prime;][vc_custom_heading text=\u00a0\u00bbEnergie et gaz \u00e0 effet de serre\u00a0\u00bb google_fonts=\u00a0\u00bbfont_family:Roboto%20Slab%3A100%2C300%2Cregular%2C700|font_style:400%20regular%3A400%3Anormal\u00a0\u00bb][vc_column_text el_class=\u00a0\u00bbbullets\u00a0\u00bb]<\/p>\n<ul>\n<li>Energie et gaz \u00e0 effet de serre<\/li>\n<li>Nous utilisons des ampoules LED, au sein de la plupart de nos espaces.<\/li>\n<li>Notre h\u00f4tel est \u00e9quip\u00e9 de fen\u00eatres isol\u00e9es contre le bruit et utilise des cartes-cl\u00e9s et des d\u00e9tecteurs de mouvement pour \u00e9conomiser de l\u2019\u00e9lectricit\u00e9.<\/li>\n<li>Nous investissons une part des revenus dans des projets communautaires.<\/li>\n<li>Carte magn\u00e9tique et \u00e9lectricit\u00e9 \u00e0 commande par mouvement.<\/li>\n<\/ul>\n<p>[\/vc_column_text][\/vc_column_inner][vc_column_inner width=\u00a0\u00bb1\/2&Prime;][vc_custom_heading text=\u00a0\u00bbLocalisation et Commune\u00a0\u00bb google_fonts=\u00a0\u00bbfont_family:Roboto%20Slab%3A100%2C300%2Cregular%2C700|font_style:400%20regular%3A400%3Anormal\u00a0\u00bb][vc_column_text el_class=\u00a0\u00bbbullets\u00a0\u00bb]<\/p>\n<ul>\n<li>Nous investissons une part des revenus dans des projets communautaires.<\/li>\n<li>Nous proposons des activit\u00e9s et des circuits, organis\u00e9s par des entreprises et des guides locaux.<\/li>\n<li>Les artistes de notre r\u00e9gion ont la possibilit\u00e9 de collaborer avec nous \u00e0 l\u2019organisation des \u00e9v\u00e9nements semestriels.<\/li>\n<li>Nous informons nos clients sur les \u00e9cosyst\u00e8mes locaux, le patrimoine, la culture et les coutumes locales de Corfou.<\/li>\n<li>Nous entretenons le b\u00e2timent prot\u00e9g\u00e9 -joyau architectural- qui abrite notre h\u00f4tel et nous informons nos clients sur son histoire.<\/li>\n<\/ul>\n<p>[\/vc_column_text][\/vc_column_inner][\/vc_row_inner][\/vc_column][\/vc_row]<\/p>\n<\/div>","protected":false},"excerpt":{"rendered":"<p>[vc_row css=\u00a0\u00bb.vc_custom_1711962426021{margin-bottom: 0px !important;}\u00a0\u00bb][vc_column][vc_custom_heading text=\u00a0\u00bbDURABILIT\u00c9\u00a0\u00bb font_container=\u00a0\u00bbtag:h1|text_align:center\u00a0\u00bb use_theme_fonts=\u00a0\u00bbyes\u00a0\u00bb css=\u00a0\u00bb.vc_custom_1711972959197{padding-top: 8px !important;padding-bottom: 12px !important;}\u00a0\u00bb][vc_column_text css=\u00a0\u00bb.vc_custom_1711959829058{margin-bottom: 0px !important;}\u00a0\u00bb][\/vc_column_text][vc_column_text css=\u00a0\u00bb.vc_custom_1712853386681{margin-bottom: 50px !important;}\u00a0\u00bb] Le Bella Venezia Boutique\u2013H\u00f4tel Historique veille \u00e0 la r\u00e9duction du volume de d\u00e9chets et la promotion de la responsabilit\u00e9 environnementale. Le d\u00e9veloppement durable est le pilier sur lequel repose le fonctionnement de notre h\u00f4tel. Pour cette raison,&hellip;<\/p>\n","protected":false},"author":1,"featured_media":0,"parent":0,"menu_order":0,"comment_status":"closed","ping_status":"closed","template":"","meta":{"_acf_changed":false,"footnotes":""},"acf":[],"_links":{"self":[{"href":"https:\/\/bellaveneziahotel.com\/fr\/wp-json\/wp\/v2\/pages\/3618"}],"collection":[{"href":"https:\/\/bellaveneziahotel.com\/fr\/wp-json\/wp\/v2\/pages"}],"about":[{"href":"https:\/\/bellaveneziahotel.com\/fr\/wp-json\/wp\/v2\/types\/page"}],"author":[{"embeddable":true,"href":"https:\/\/bellaveneziahotel.com\/fr\/wp-json\/wp\/v2\/users\/1"}],"replies":[{"embeddable":true,"href":"https:\/\/bellaveneziahotel.com\/fr\/wp-json\/wp\/v2\/comments?post=3618"}],"version-history":[{"count":2,"href":"https:\/\/bellaveneziahotel.com\/fr\/wp-json\/wp\/v2\/pages\/3618\/revisions"}],"predecessor-version":[{"id":3620,"href":"https:\/\/bellaveneziahotel.com\/fr\/wp-json\/wp\/v2\/pages\/3618\/revisions\/3620"}],"wp:attachment":[{"href":"https:\/\/bellaveneziahotel.com\/fr\/wp-json\/wp\/v2\/media?parent=3618"}],"curies":[{"name":"wp","href":"https:\/\/api.w.org\/{rel}","templated":true}]}}