{"id":3624,"date":"2024-03-13T16:48:48","date_gmt":"2024-03-13T14:48:48","guid":{"rendered":"https:\/\/bellaveneziahotel.com\/galerie\/"},"modified":"2026-03-11T15:37:19","modified_gmt":"2026-03-11T13:37:19","slug":"galerie","status":"publish","type":"page","link":"https:\/\/bellaveneziahotel.com\/fr\/galerie\/","title":{"rendered":"GALERIE"},"content":{"rendered":"<div class=\"wpb-content-wrapper\"><p>[vc_row][vc_column offset=\u00a0\u00bbvc_hidden-lg vc_hidden-md\u00a0\u00bb][vc_custom_heading text=\u00a0\u00bbGalerie de photos\u00a0\u00bb font_container=\u00a0\u00bbtag:h1|text_align:center\u00a0\u00bb google_fonts=\u00a0\u00bbfont_family:Roboto%20Slab%3A100%2C300%2Cregular%2C700|font_style:400%20regular%3A400%3Anormal\u00a0\u00bb css_animation=\u00a0\u00bbleft-to-right\u00a0\u00bb el_class=\u00a0\u00bbh1-title\u00a0\u00bb][vc_column_text css=\u00a0\u00bb.vc_custom_1713714296828{margin-bottom: 0px !important;}\u00a0\u00bb]<img loading=\"lazy\" decoding=\"async\" class=\"title-divider wp-image-1276 size-medium aligncenter\" src=\"https:\/\/bellaveneziahotel.com\/wp-content\/uploads\/2018\/03\/divider2-300x26.png\" alt=\"\" width=\"300\" height=\"26\" srcset=\"https:\/\/bellaveneziahotel.com\/wp-content\/uploads\/2018\/03\/divider2-300x26.png 300w, https:\/\/bellaveneziahotel.com\/wp-content\/uploads\/2018\/03\/divider2.png 432w\" sizes=\"(max-width: 300px) 100vw, 300px\" \/>[\/vc_column_text][vc_column_text css_animation=\u00a0\u00bbright-to-left\u00a0\u00bb css=\u00a0\u00bb.vc_custom_1713714193908{padding-bottom: 10px !important;}\u00a0\u00bb]<\/p>\n<p style=\"text-align: center;\">D\u00e9couvrez l\u2019\u00e2me de notre Boutique-H\u00f4tel Historique \u00e0 travers notre galerie. Plongez dans l\u2019\u00e9l\u00e9gance intemporelle de notre \u00e9tablissement en voyageant<br \/>\n\u00e0 travers notre bel espace soigneusement r\u00e9nov\u00e9 dont chaque coin raconte une histoire du temps jadis.[\/vc_column_text][\/vc_column][\/vc_row][vc_row][vc_column offset=\u00a0\u00bbvc_hidden-sm vc_hidden-xs\u00a0\u00bb][vc_custom_heading text=\u00a0\u00bbGalerie de photos\u00a0\u00bb font_container=\u00a0\u00bbtag:h1|text_align:center\u00a0\u00bb google_fonts=\u00a0\u00bbfont_family:Roboto%20Slab%3A100%2C300%2Cregular%2C700|font_style:400%20regular%3A400%3Anormal\u00a0\u00bb css_animation=\u00a0\u00bbleft-to-right\u00a0\u00bb el_class=\u00a0\u00bbh1-title\u00a0\u00bb][vc_column_text css=\u00a0\u00bb.vc_custom_1713714296828{margin-bottom: 0px !important;}\u00a0\u00bb]<img loading=\"lazy\" decoding=\"async\" class=\"title-divider wp-image-1276 size-medium aligncenter\" src=\"https:\/\/bellaveneziahotel.com\/wp-content\/uploads\/2018\/03\/divider2-300x26.png\" alt=\"\" width=\"300\" height=\"26\" srcset=\"https:\/\/bellaveneziahotel.com\/wp-content\/uploads\/2018\/03\/divider2-300x26.png 300w, https:\/\/bellaveneziahotel.com\/wp-content\/uploads\/2018\/03\/divider2.png 432w\" sizes=\"(max-width: 300px) 100vw, 300px\" \/>[\/vc_column_text][vc_column_text css_animation=\u00a0\u00bbright-to-left\u00a0\u00bb css=\u00a0\u00bb.vc_custom_1713714183610{padding-bottom: 10px !important;}\u00a0\u00bb]<\/p>\n<p style=\"text-align: center;\">D\u00e9couvrez l\u2019\u00e2me de notre Boutique-H\u00f4tel Historique \u00e0 travers notre galerie. Plongez dans l\u2019\u00e9l\u00e9gance intemporelle de notre \u00e9tablissement en voyageant<br \/>\n\u00e0 travers notre bel espace soigneusement r\u00e9nov\u00e9 dont chaque coin raconte une histoire du temps jadis.[\/vc_column_text][\/vc_column][\/vc_row][vc_row][vc_column][vc_masonry_media_grid gap=\u00a0\u00bb20&Prime; item=\u00a0\u00bbmasonryMedia_BorderedScale\u00a0\u00bb grid_id=\u00a0\u00bbvc_gid:1773236228120-11b936788d8be43748774f2885db70ba-1&Prime; include=\u00a0\u00bb3871,3863,3226,3831,3867,3903,3875,3887,3879,3606,3883,3142,3031,4110,4114,3919,3238,3250,3112,3115,4134,3118,3659,3256,3136,4130,3244,3247,3663,3124,3835,3139,3241,4118,3851,3843,3839,3847,3859,3907,4122,3235,3655,3683,3643,3046,3647,3163,3157,3160,3635,3695,3639,3667,3691,3679,3178,3175,3675,4167,4180,4176,3699,3671,4126,3711,3703,3827,3891,3932,3895,3899&Prime;][\/vc_column][\/vc_row]<\/p>\n<\/div>","protected":false},"excerpt":{"rendered":"<p>[vc_row][vc_column offset=\u00a0\u00bbvc_hidden-lg vc_hidden-md\u00a0\u00bb][vc_custom_heading text=\u00a0\u00bbGalerie de photos\u00a0\u00bb font_container=\u00a0\u00bbtag:h1|text_align:center\u00a0\u00bb google_fonts=\u00a0\u00bbfont_family:Roboto%20Slab%3A100%2C300%2Cregular%2C700|font_style:400%20regular%3A400%3Anormal\u00a0\u00bb css_animation=\u00a0\u00bbleft-to-right\u00a0\u00bb el_class=\u00a0\u00bbh1-title\u00a0\u00bb][vc_column_text css=\u00a0\u00bb.vc_custom_1713714296828{margin-bottom: 0px !important;}\u00a0\u00bb][\/vc_column_text][vc_column_text css_animation=\u00a0\u00bbright-to-left\u00a0\u00bb css=\u00a0\u00bb.vc_custom_1713714193908{padding-bottom: 10px !important;}\u00a0\u00bb] D\u00e9couvrez l\u2019\u00e2me de notre Boutique-H\u00f4tel Historique \u00e0 travers notre galerie. Plongez dans l\u2019\u00e9l\u00e9gance intemporelle de notre \u00e9tablissement en voyageant \u00e0 travers notre bel espace soigneusement r\u00e9nov\u00e9 dont chaque coin raconte une histoire du temps jadis.[\/vc_column_text][\/vc_column][\/vc_row][vc_row][vc_column offset=\u00a0\u00bbvc_hidden-sm vc_hidden-xs\u00a0\u00bb][vc_custom_heading text=\u00a0\u00bbGalerie&hellip;<\/p>\n","protected":false},"author":1,"featured_media":0,"parent":0,"menu_order":0,"comment_status":"closed","ping_status":"closed","template":"","meta":{"_acf_changed":false,"footnotes":""},"acf":[],"_links":{"self":[{"href":"https:\/\/bellaveneziahotel.com\/fr\/wp-json\/wp\/v2\/pages\/3624"}],"collection":[{"href":"https:\/\/bellaveneziahotel.com\/fr\/wp-json\/wp\/v2\/pages"}],"about":[{"href":"https:\/\/bellaveneziahotel.com\/fr\/wp-json\/wp\/v2\/types\/page"}],"author":[{"embeddable":true,"href":"https:\/\/bellaveneziahotel.com\/fr\/wp-json\/wp\/v2\/users\/1"}],"replies":[{"embeddable":true,"href":"https:\/\/bellaveneziahotel.com\/fr\/wp-json\/wp\/v2\/comments?post=3624"}],"version-history":[{"count":29,"href":"https:\/\/bellaveneziahotel.com\/fr\/wp-json\/wp\/v2\/pages\/3624\/revisions"}],"predecessor-version":[{"id":4752,"href":"https:\/\/bellaveneziahotel.com\/fr\/wp-json\/wp\/v2\/pages\/3624\/revisions\/4752"}],"wp:attachment":[{"href":"https:\/\/bellaveneziahotel.com\/fr\/wp-json\/wp\/v2\/media?parent=3624"}],"curies":[{"name":"wp","href":"https:\/\/api.w.org\/{rel}","templated":true}]}}