{"id":3628,"date":"2018-02-07T13:39:43","date_gmt":"2018-02-07T11:39:43","guid":{"rendered":"https:\/\/bellaveneziahotel.com\/contact\/"},"modified":"2024-05-01T11:34:03","modified_gmt":"2024-05-01T09:34:03","slug":"contact","status":"publish","type":"page","link":"https:\/\/bellaveneziahotel.com\/fr\/contact\/","title":{"rendered":"CONTACT"},"content":{"rendered":"<div class=\"wpb-content-wrapper\"><p>[vc_row content_placement=\u00a0\u00bbmiddle\u00a0\u00bb][vc_column css_animation=\u00a0\u00bbright-to-left\u00a0\u00bb width=\u00a0\u00bb1\/3&Prime; css=\u00a0\u00bb.vc_custom_1707477322073{background-color: #f3eee2 !important;}\u00a0\u00bb el_class=\u00a0\u00bbcontact-address\u00a0\u00bb][vc_custom_heading text=\u00a0\u00bbBienvenue \u00e0\u00a0\u00bb font_container=\u00a0\u00bbtag:p|font_size:16|text_align:left\u00a0\u00bb google_fonts=\u00a0\u00bbfont_family:Roboto%20Slab%3A100%2C300%2Cregular%2C700|font_style:400%20regular%3A400%3Anormal\u00a0\u00bb][lab_text_autotype typed_text=\u00a0\u00bb#E-8_JTNDaDMlMjBzdHlsZSUzRCUyMnRleHQtYWxpZ24lM0ElMjBsZWZ0JTNCJTBBJTIwJTIwJTIwJTIwZm9udC1mYW1pbHklM0ElMjBSb2JvdG8lMjBTbGFiJTNCJTBBJTIwJTIwJTIwJTIwZm9udC13ZWlnaHQlM0ElMjA0MDAlM0IlMEElMjAlMjAlMjAlMjBmb250LXN0eWxlJTNBJTIwbm9ybWFsJTNCJTIwZm9udC1zaXplJTNBMzJweCUyMCUzQiUyMiUzRSUyQUJlbGxhJTIwVmVuZXppYSUyQSUzQyUyRmgzJTNF\u00a0\u00bb typed_show_options=\u00a0\u00bbyes\u00a0\u00bb typed_options_loopcount=\u00a0\u00bb-1&Prime; typed_options_typespeed=\u00a0\u00bb200&Prime; typed_options_backspeed=\u00a0\u00bb100&Prime; typed_options_startdelay=\u00a0\u00bb100&Prime; css=\u00a0\u00bb.vc_custom_1709639585470{margin-top: -10px !important;}\u00a0\u00bb][vc_custom_heading text=\u00a0\u00bbBoutique-H\u00f4tel Historique\u00a0\u00bb font_container=\u00a0\u00bbtag:p|font_size:32|text_align:left|color:%23222222|line_height:0.8&Prime; google_fonts=\u00a0\u00bbfont_family:Roboto%20Slab%3A100%2C300%2Cregular%2C700|font_style:400%20regular%3A400%3Anormal\u00a0\u00bb css=\u00a0\u00bb.vc_custom_1709719876233{margin-top: -30px !important;}\u00a0\u00bb][vc_column_text css=\u00a0\u00bb.vc_custom_1709719893410{margin-top: 35px !important;}\u00a0\u00bb]<\/p>\n<p style=\"font-family: Manrope;\">Le Bella Venezia Boutique-H\u00f4tel Historique est abrit\u00e9 dans une demeure grandiose de caract\u00e8re n\u00e9o-classique magnifiquement restaur\u00e9e qui offre une oasis d\u2019hospitalit\u00e9 au c\u0153ur de la capitale cosmopolite de Corfou. Il vous offre un m\u00e9lange parfait du vieux monde et du luxe contemporain.<\/p>\n<p>[\/vc_column_text][\/vc_column][vc_column css_animation=\u00a0\u00bbnone\u00a0\u00bb width=\u00a0\u00bb2\/3&Prime;][vc_gmaps link=\u00a0\u00bb#E-8_JTNDaWZyYW1lJTIwc3JjJTNEJTIyaHR0cHMlM0ElMkYlMkZ3d3cuZ29vZ2xlLmNvbSUyRm1hcHMlMkZlbWJlZCUzRnBiJTNEJTIxMW0xNCUyMTFtOCUyMTFtMyUyMTFkNzY4LjMxNTc1NTA2MzU5NzclMjEyZDE5LjkyMTQ3OTQlMjEzZDM5LjYyMTI4MTMlMjEzbTIlMjExaTEwMjQlMjEyaTc2OCUyMTRmMTMuMSUyMTNtMyUyMTFtMiUyMTFzMHgxMzViNWRkYzJlMGNkMTcxJTI1M0EweDQ1NGNlNThiYTlkMmRlOWElMjEyc0JlbGxhJTI1MjBWZW5lemlhJTI1MjBIb3RlbCUyMTVlMCUyMTNtMiUyMTFzZW4lMjEyc2dyJTIxNHYxNzA5NjQ1NjQwMTg0JTIxNW0yJTIxMXNlbiUyMTJzZ3IlMjIlMjB3aWR0aCUzRCUyMjYwMCUyMiUyMGhlaWdodCUzRCUyMjQ1MCUyMiUyMHN0eWxlJTNEJTIyYm9yZGVyJTNBMCUzQiUyMiUyMGFsbG93ZnVsbHNjcmVlbiUzRCUyMiUyMiUyMGxvYWRpbmclM0QlMjJsYXp5JTIyJTIwcmVmZXJyZXJwb2xpY3klM0QlMjJuby1yZWZlcnJlci13aGVuLWRvd25ncmFkZSUyMiUzRSUzQyUyRmlmcmFtZSUzRQ==\u00a0\u00bb][\/vc_column][\/vc_row][vc_row css=\u00a0\u00bb.vc_custom_1707393097729{margin-top: 120px !important;margin-bottom: 80px !important;border-top-width: 1px !important;border-top-color: #e2e2e2 !important;border-top-style: solid !important;}\u00a0\u00bb][vc_column width=\u00a0\u00bb1\/3&Prime;][vc_single_image image=\u00a0\u00bb1893&Prime; img_size=\u00a0\u00bb56&#215;56&Prime; alignment=\u00a0\u00bbcenter\u00a0\u00bb css=\u00a0\u00bb.vc_custom_1710335013066{margin-top: 15px !important;margin-bottom: 10px !important;}\u00a0\u00bb][vc_custom_heading text=\u00a0\u00bbEntrez en contact\u00a0\u00bb font_container=\u00a0\u00bbtag:p|font_size:22|text_align:center\u00a0\u00bb google_fonts=\u00a0\u00bbfont_family:Roboto%20Slab%3A100%2C300%2Cregular%2C700|font_style:700%20bold%20regular%3A700%3Anormal\u00a0\u00bb][vc_custom_heading text=\u00a0\u00bbContactez-nous pour toutes vos questions.\u00a0\u00bb font_container=\u00a0\u00bbtag:p|font_size:16|text_align:center|color:%236d6d6d\u00a0\u00bb use_theme_fonts=\u00a0\u00bbyes\u00a0\u00bb css=\u00a0\u00bb.vc_custom_1709639742153{margin-top: -10px !important;}\u00a0\u00bb][vc_row_inner][vc_column_inner width=\u00a0\u00bb1\/2&Prime;][vc_custom_heading text=\u00a0\u00bb+30 26610 46500&Prime; font_container=\u00a0\u00bbtag:p|font_size:20|text_align:right|color:%23ad8f4a\u00a0\u00bb google_fonts=\u00a0\u00bbfont_family:Roboto%20Slab%3A100%2C300%2Cregular%2C700|font_style:400%20regular%3A400%3Anormal\u00a0\u00bb link=\u00a0\u00bburl:tel%3A%2B302661046500&Prime; el_class=\u00a0\u00bbphonebel\u00a0\u00bb][\/vc_column_inner][vc_column_inner width=\u00a0\u00bb1\/2&Prime;][vc_custom_heading text=\u00a0\u00bb+30 26610 44290&Prime; font_container=\u00a0\u00bbtag:p|font_size:20|text_align:left|color:%23ad8f4a\u00a0\u00bb google_fonts=\u00a0\u00bbfont_family:Roboto%20Slab%3A100%2C300%2Cregular%2C700|font_style:400%20regular%3A400%3Anormal\u00a0\u00bb link=\u00a0\u00bburl:tel%3A%2B302661044290&Prime; el_class=\u00a0\u00bbphonebel\u00a0\u00bb][\/vc_column_inner][\/vc_row_inner][\/vc_column][vc_column width=\u00a0\u00bb1\/3&Prime; css=\u00a0\u00bb.vc_custom_1707393218631{border-right-width: 1px !important;border-left-width: 1px !important;border-left-color: #e2e2e2 !important;border-left-style: solid !important;border-right-color: #e2e2e2 !important;border-right-style: solid !important;}\u00a0\u00bb][vc_single_image image=\u00a0\u00bb1892&Prime; img_size=\u00a0\u00bb56&#215;56&Prime; alignment=\u00a0\u00bbcenter\u00a0\u00bb css=\u00a0\u00bb.vc_custom_1710335021101{margin-top: 20px !important;margin-bottom: 0px !important;}\u00a0\u00bb][vc_custom_heading text=\u00a0\u00bbEnvoyez-nous un e-mail\u00a0\u00bb font_container=\u00a0\u00bbtag:p|font_size:22|text_align:center\u00a0\u00bb google_fonts=\u00a0\u00bbfont_family:Roboto%20Slab%3A100%2C300%2Cregular%2C700|font_style:700%20bold%20regular%3A700%3Anormal\u00a0\u00bb][vc_custom_heading text=\u00a0\u00bbEnvoyez-nous toutes vos questions par courriel.\u00a0\u00bb font_container=\u00a0\u00bbtag:p|font_size:16|text_align:center|color:%236d6d6d\u00a0\u00bb use_theme_fonts=\u00a0\u00bbyes\u00a0\u00bb css=\u00a0\u00bb.vc_custom_1709639734774{margin-top: -10px !important;}\u00a0\u00bb][vc_custom_heading text=\u00a0\u00bbinfo@bellaveneziahotel.com\u00a0\u00bb font_container=\u00a0\u00bbtag:p|font_size:20|text_align:center|color:%23ad8f4a\u00a0\u00bb google_fonts=\u00a0\u00bbfont_family:Roboto%20Slab%3A100%2C300%2Cregular%2C700|font_style:400%20regular%3A400%3Anormal\u00a0\u00bb link=\u00a0\u00bburl:mailto%3Ainfo%40bellaveneziahotel.com|\u00a0\u00bb][\/vc_column][vc_column width=\u00a0\u00bb1\/3&Prime;][vc_single_image image=\u00a0\u00bb1891&Prime; img_size=\u00a0\u00bb56&#215;56&Prime; alignment=\u00a0\u00bbcenter\u00a0\u00bb css=\u00a0\u00bb.vc_custom_1707389423554{margin-top: 20px !important;margin-bottom: 0px !important;}\u00a0\u00bb][vc_custom_heading text=\u00a0\u00bbVisitez notre h\u00f4tel\u00a0\u00bb font_container=\u00a0\u00bbtag:p|font_size:22|text_align:center\u00a0\u00bb google_fonts=\u00a0\u00bbfont_family:Roboto%20Slab%3A100%2C300%2Cregular%2C700|font_style:700%20bold%20regular%3A700%3Anormal\u00a0\u00bb][vc_custom_heading text=\u00a0\u00bbNous serons heureux de vous accueillir.\u00a0\u00bb font_container=\u00a0\u00bbtag:p|font_size:16|text_align:center|color:%236d6d6d\u00a0\u00bb use_theme_fonts=\u00a0\u00bbyes\u00a0\u00bb css=\u00a0\u00bb.vc_custom_1709639767932{margin-top: -10px !important;}\u00a0\u00bb][vc_custom_heading text=\u00a0\u00bbN. Zampeli 4 Corfou, 49131&Prime; font_container=\u00a0\u00bbtag:p|font_size:20|text_align:center|color:%23ad8f4a\u00a0\u00bb google_fonts=\u00a0\u00bbfont_family:Roboto%20Slab%3A100%2C300%2Cregular%2C700|font_style:400%20regular%3A400%3Anormal\u00a0\u00bb][\/vc_column][\/vc_row][vc_row full_width=\u00a0\u00bbstretch_row\u00a0\u00bb css_animation=\u00a0\u00bbfadeIn\u00a0\u00bb css=\u00a0\u00bb.vc_custom_1712841031689{background-color: #f3eee2 !important;background-position: center !important;background-repeat: no-repeat !important;background-size: cover !important;}\u00a0\u00bb][vc_column offset=\u00a0\u00bbvc_hidden-lg vc_hidden-md\u00a0\u00bb][vc_custom_heading text=\u00a0\u00bbENVOYEZ-NOUS VOS DEMANDES\u00a0\u00bb font_container=\u00a0\u00bbtag:p|font_size:22|text_align:left\u00a0\u00bb google_fonts=\u00a0\u00bbfont_family:Roboto%20Slab%3A100%2C300%2Cregular%2C700|font_style:700%20bold%20regular%3A700%3Anormal\u00a0\u00bb][vc_column_text css=\u00a0\u00bb.vc_custom_1707841906199{margin-top: -15px !important;margin-bottom: 15px !important;}\u00a0\u00bb]<img loading=\"lazy\" decoding=\"async\" class=\"title-divider wp-image-1276 alignleft\" src=\"https:\/\/23291447861.thesite.link\/wp-content\/uploads\/2018\/03\/divider2.png\" alt=\"\" width=\"216\" height=\"19\" srcset=\"https:\/\/bellaveneziahotel.com\/wp-content\/uploads\/2018\/03\/divider2.png 432w, https:\/\/bellaveneziahotel.com\/wp-content\/uploads\/2018\/03\/divider2-300x26.png 300w\" sizes=\"(max-width: 216px) 100vw, 216px\" \/>[\/vc_column_text][vc_custom_heading text=\u00a0\u00bbN\u2019h\u00e9sitez pas \u00e0 nous contacter en remplissant le formulaire de contact ci-dessous. N\u2019h\u00e9sitez pas \u00e0 nous contacter en remplissant le formulaire de contact ci-dessous.\u00a0\u00bb font_container=\u00a0\u00bbtag:p|font_size:16|text_align:left|color:%236d6d6d\u00a0\u00bb use_theme_fonts=\u00a0\u00bbyes\u00a0\u00bb css=\u00a0\u00bb.vc_custom_1712840862823{margin-bottom: 60px !important;}\u00a0\u00bb][vc_raw_html el_class=\u00a0\u00bbcontact-form-book\u00a0\u00bb]W2NvbnRhY3QtZm9ybS03IGlkPSJkZjU5MzExIiB0aXRsZT0iRm9ybXVsYWlyZSBkZSByw6lzZXJ2YXRpb24iXQ==[\/vc_raw_html][\/vc_column][\/vc_row][vc_row full_width=\u00a0\u00bbstretch_row\u00a0\u00bb css_animation=\u00a0\u00bbfadeIn\u00a0\u00bb css=\u00a0\u00bb.vc_custom_1712841224144{background-color: #f3eee2 !important;background-position: center !important;background-repeat: no-repeat !important;background-size: cover !important;}\u00a0\u00bb][vc_column offset=\u00a0\u00bbvc_hidden-sm vc_hidden-xs\u00a0\u00bb][vc_custom_heading text=\u00a0\u00bbENVOYEZ-NOUS VOS DEMANDES\u00a0\u00bb font_container=\u00a0\u00bbtag:p|font_size:22|text_align:left\u00a0\u00bb google_fonts=\u00a0\u00bbfont_family:Roboto%20Slab%3A100%2C300%2Cregular%2C700|font_style:700%20bold%20regular%3A700%3Anormal\u00a0\u00bb css=\u00a0\u00bb.vc_custom_1714555707387{padding-top: 20px !important;}\u00a0\u00bb][vc_column_text css=\u00a0\u00bb.vc_custom_1707841906199{margin-top: -15px !important;margin-bottom: 15px !important;}\u00a0\u00bb]<img loading=\"lazy\" decoding=\"async\" class=\"title-divider wp-image-1276 alignleft\" src=\"https:\/\/23291447861.thesite.link\/wp-content\/uploads\/2018\/03\/divider2.png\" alt=\"\" width=\"216\" height=\"19\" srcset=\"https:\/\/bellaveneziahotel.com\/wp-content\/uploads\/2018\/03\/divider2.png 432w, https:\/\/bellaveneziahotel.com\/wp-content\/uploads\/2018\/03\/divider2-300x26.png 300w\" sizes=\"(max-width: 216px) 100vw, 216px\" \/>[\/vc_column_text][vc_custom_heading text=\u00a0\u00bbN&apos;h\u00e9sitez pas \u00e0 nous contacter via le formulaire de contact ci-dessous.<br \/>\nMerci de nous donner le plus de details possibles concernant votre demande afin que nous puissions y r\u00e9pondre de mani\u00e8re pr\u00e9cise et efficace.\u00a0\u00bb font_container=\u00a0\u00bbtag:p|font_size:16|text_align:left|color:%236d6d6d\u00a0\u00bb use_theme_fonts=\u00a0\u00bbyes\u00a0\u00bb css=\u00a0\u00bb.vc_custom_1711464046527{margin-bottom: 60px !important;}\u00a0\u00bb][vc_raw_html el_class=\u00a0\u00bbcontact-form-book\u00a0\u00bb]W2NvbnRhY3QtZm9ybS03IGlkPSJkZjU5MzExIiB0aXRsZT0iRm9ybXVsYWlyZSBkZSByw6lzZXJ2YXRpb24iXQ==[\/vc_raw_html][\/vc_column][\/vc_row]<\/p>\n<\/div>","protected":false},"excerpt":{"rendered":"<p>[vc_row content_placement=\u00a0\u00bbmiddle\u00a0\u00bb][vc_column css_animation=\u00a0\u00bbright-to-left\u00a0\u00bb width=\u00a0\u00bb1\/3&Prime; css=\u00a0\u00bb.vc_custom_1707477322073{background-color: #f3eee2 !important;}\u00a0\u00bb el_class=\u00a0\u00bbcontact-address\u00a0\u00bb][vc_custom_heading text=\u00a0\u00bbBienvenue \u00e0\u00a0\u00bb font_container=\u00a0\u00bbtag:p|font_size:16|text_align:left\u00a0\u00bb google_fonts=\u00a0\u00bbfont_family:Roboto%20Slab%3A100%2C300%2Cregular%2C700|font_style:400%20regular%3A400%3Anormal\u00a0\u00bb][lab_text_autotype typed_text=\u00a0\u00bb#E-8_JTNDaDMlMjBzdHlsZSUzRCUyMnRleHQtYWxpZ24lM0ElMjBsZWZ0JTNCJTBBJTIwJTIwJTIwJTIwZm9udC1mYW1pbHklM0ElMjBSb2JvdG8lMjBTbGFiJTNCJTBBJTIwJTIwJTIwJTIwZm9udC13ZWlnaHQlM0ElMjA0MDAlM0IlMEElMjAlMjAlMjAlMjBmb250LXN0eWxlJTNBJTIwbm9ybWFsJTNCJTIwZm9udC1zaXplJTNBMzJweCUyMCUzQiUyMiUzRSUyQUJlbGxhJTIwVmVuZXppYSUyQSUzQyUyRmgzJTNF\u00a0\u00bb typed_show_options=\u00a0\u00bbyes\u00a0\u00bb typed_options_loopcount=\u00a0\u00bb-1&Prime; typed_options_typespeed=\u00a0\u00bb200&Prime; typed_options_backspeed=\u00a0\u00bb100&Prime; typed_options_startdelay=\u00a0\u00bb100&Prime; css=\u00a0\u00bb.vc_custom_1709639585470{margin-top: -10px !important;}\u00a0\u00bb][vc_custom_heading text=\u00a0\u00bbBoutique-H\u00f4tel Historique\u00a0\u00bb font_container=\u00a0\u00bbtag:p|font_size:32|text_align:left|color:%23222222|line_height:0.8&Prime; google_fonts=\u00a0\u00bbfont_family:Roboto%20Slab%3A100%2C300%2Cregular%2C700|font_style:400%20regular%3A400%3Anormal\u00a0\u00bb css=\u00a0\u00bb.vc_custom_1709719876233{margin-top: -30px !important;}\u00a0\u00bb][vc_column_text css=\u00a0\u00bb.vc_custom_1709719893410{margin-top: 35px !important;}\u00a0\u00bb] Le Bella Venezia Boutique-H\u00f4tel Historique est abrit\u00e9 dans une demeure grandiose de caract\u00e8re n\u00e9o-classique magnifiquement restaur\u00e9e qui offre une oasis d\u2019hospitalit\u00e9 au c\u0153ur de&hellip;<\/p>\n","protected":false},"author":1,"featured_media":0,"parent":0,"menu_order":0,"comment_status":"closed","ping_status":"closed","template":"","meta":{"_acf_changed":false,"footnotes":""},"acf":[],"_links":{"self":[{"href":"https:\/\/bellaveneziahotel.com\/fr\/wp-json\/wp\/v2\/pages\/3628"}],"collection":[{"href":"https:\/\/bellaveneziahotel.com\/fr\/wp-json\/wp\/v2\/pages"}],"about":[{"href":"https:\/\/bellaveneziahotel.com\/fr\/wp-json\/wp\/v2\/types\/page"}],"author":[{"embeddable":true,"href":"https:\/\/bellaveneziahotel.com\/fr\/wp-json\/wp\/v2\/users\/1"}],"replies":[{"embeddable":true,"href":"https:\/\/bellaveneziahotel.com\/fr\/wp-json\/wp\/v2\/comments?post=3628"}],"version-history":[{"count":6,"href":"https:\/\/bellaveneziahotel.com\/fr\/wp-json\/wp\/v2\/pages\/3628\/revisions"}],"predecessor-version":[{"id":3774,"href":"https:\/\/bellaveneziahotel.com\/fr\/wp-json\/wp\/v2\/pages\/3628\/revisions\/3774"}],"wp:attachment":[{"href":"https:\/\/bellaveneziahotel.com\/fr\/wp-json\/wp\/v2\/media?parent=3628"}],"curies":[{"name":"wp","href":"https:\/\/api.w.org\/{rel}","templated":true}]}}